{"id":26805,"date":"2019-12-24T06:08:18","date_gmt":"2019-12-24T12:08:18","guid":{"rendered":"https:\/\/www.mpechicago.com\/sitemap\/"},"modified":"2025-05-01T23:10:52","modified_gmt":"2025-05-02T04:10:52","slug":"sitemap","status":"publish","type":"page","link":"https:\/\/www.mpechicago.com\/de\/sitemap\/","title":{"rendered":"Sitemap"},"content":{"rendered":"\n<h1 class=\"wp-block-heading\">Sitemap<\/h1>\n\n<h2 class=\"wp-block-heading\">Titelseite<\/h2>\n\n<p> <a href=\"http:\/\/www.mpechicago.com\/de\/\">Titelseite der modernen Prozessausr\u00fcstung<\/a>  <\/p>\n<div class=\"wsp-container\"><h2 class=\"wsp-pages-title\">Seiten<\/h2>\n<ul class=\"wsp-pages-list\">\n<li class=\"page_item page-item-26743\"><a href=\"https:\/\/www.mpechicago.com\/de\/aktivkohle-muehle\/\">Aktivkohle-M\u00fchle<\/a><\/li>\n<li class=\"page_item page-item-26275\"><a href=\"https:\/\/www.mpechicago.com\/de\/anfrage-fur-angebot\/\">Anfrage f\u00fcr Angebot<\/a><\/li>\n<li class=\"page_item page-item-47744 page_item_has_children\"><a href=\"https:\/\/www.mpechicago.com\/de\/ausgewaehlte-projekte\/\">Ausgew\u00e4hlte Projekte<\/a>\n<ul class='children'>\n\t<li class=\"page_item page-item-26546 page_item_has_children\"><a href=\"https:\/\/www.mpechicago.com\/de\/ausgewaehlte-projekte\/anwendungen-fallstudien\/\">Anwendungen &amp; Fallstudien<\/a>\n\t<ul class='children'>\n\t\t<li class=\"page_item page-item-26429\"><a href=\"https:\/\/www.mpechicago.com\/de\/ausgewaehlte-projekte\/anwendungen-fallstudien\/grosse-lebensmittelsysteme\/\">Gro\u00dfe Lebensmittelsysteme<\/a><\/li>\n\t\t<li class=\"page_item page-item-26846\"><a href=\"https:\/\/www.mpechicago.com\/de\/ausgewaehlte-projekte\/anwendungen-fallstudien\/grosser-kaffee\/\">Gro\u00dfer Kaffee<\/a><\/li>\n\t\t<li class=\"page_item page-item-26581\"><a href=\"https:\/\/www.mpechicago.com\/de\/ausgewaehlte-projekte\/anwendungen-fallstudien\/lebensmittel-zutaten\/\">Lebensmittel &amp; Zutaten<\/a><\/li>\n\t\t<li class=\"page_item page-item-26822\"><a href=\"https:\/\/www.mpechicago.com\/de\/ausgewaehlte-projekte\/anwendungen-fallstudien\/mittlere-lebensmittel\/\">Mittlere Lebensmittel<\/a><\/li>\n\t\t<li class=\"page_item page-item-26835\"><a href=\"https:\/\/www.mpechicago.com\/de\/ausgewaehlte-projekte\/anwendungen-fallstudien\/mittlerer-kaffee\/\">Mittlerer Kaffee<\/a><\/li>\n\t<\/ul>\n<\/li>\n<\/ul>\n<\/li>\n<li class=\"page_item page-item-26356 page_item_has_children\"><a href=\"https:\/\/www.mpechicago.com\/de\/dienstleistungen-unterstutzung\/\">Dienstleistungen &amp; Support<\/a>\n<ul class='children'>\n\t<li class=\"page_item page-item-26350 page_item_has_children\"><a href=\"https:\/\/www.mpechicago.com\/de\/dienstleistungen-unterstutzung\/dienstleistungen-und-support-nach-dem-verkauf\/\">Dienstleistungen und Support nach dem Verkauf<\/a>\n\t<ul class='children'>\n\t\t<li class=\"page_item page-item-26255\"><a href=\"https:\/\/www.mpechicago.com\/de\/dienstleistungen-unterstutzung\/dienstleistungen-und-support-nach-dem-verkauf\/austauschprogramm\/\">Austauschprogramm<\/a><\/li>\n\t\t<li class=\"page_item page-item-47953\"><a href=\"https:\/\/www.mpechicago.com\/de\/dienstleistungen-unterstutzung\/dienstleistungen-und-support-nach-dem-verkauf\/chain-vey-technischer-support\/\">Chain-Vey Technischer SUPPORT<\/a><\/li>\n\t\t<li class=\"page_item page-item-26203\"><a href=\"https:\/\/www.mpechicago.com\/de\/dienstleistungen-unterstutzung\/dienstleistungen-und-support-nach-dem-verkauf\/unterstutzung-fur-kleine-schleifmaschinen\/\">UNTERST\u00dcTZUNG F\u00dcR KLEINE SCHLEIFMASCHINEN<\/a><\/li>\n\t<\/ul>\n<\/li>\n\t<li class=\"page_item page-item-26351\"><a href=\"https:\/\/www.mpechicago.com\/de\/dienstleistungen-unterstutzung\/vorverkaufsdienstleistungen-und-support\/\">Vorverkaufsdienstleistungen und Support<\/a><\/li>\n<\/ul>\n<\/li>\n<li class=\"page_item page-item-47894\"><a href=\"https:\/\/www.mpechicago.com\/de\/ersatzteile-service\/\">Ersatzteile &amp; Service<\/a><\/li>\n<li class=\"page_item page-item-47678\"><a href=\"https:\/\/www.mpechicago.com\/de\/fuehrende-cpg-marke\/\">F\u00fchrende CPG-Marke<\/a><\/li>\n<li class=\"page_item page-item-47662\"><a href=\"https:\/\/www.mpechicago.com\/de\/fuehrende-snack-marke\/\">F\u00fchrende Snack-Marke<\/a><\/li>\n<li class=\"page_item page-item-26201\"><a href=\"https:\/\/www.mpechicago.com\/de\/globale-standorte\/\">Globale Standorte<\/a><\/li>\n<li class=\"page_item page-item-26983\"><a href=\"https:\/\/www.mpechicago.com\/de\/gpc-140-scheibenschleifer-lp\/\">GPC 140 Scheibenschleifer: LP<\/a><\/li>\n<li class=\"page_item page-item-27006\"><a href=\"https:\/\/www.mpechicago.com\/de\/gpx-grinder-mit-kleiner-kapazitaet-lp\/\">GPX Grinder mit kleiner Kapazit\u00e4t: LP<\/a><\/li>\n<li class=\"page_item page-item-26457\"><a href=\"https:\/\/www.mpechicago.com\/de\/gpx-wci-muhle-mit-kleiner-kapazitat-lp\/\">GPX. WCI M\u00fchle mit kleiner Kapazit\u00e4t: LP<\/a><\/li>\n<li class=\"page_item page-item-26978\"><a href=\"https:\/\/www.mpechicago.com\/de\/gpx-wci-t-schleifmaschine-mit-kleiner-kapazitaet-lp\/\">GPX. WCI-T Schleifmaschine mit kleiner Kapazit\u00e4t: LP<\/a><\/li>\n<li class=\"page_item page-item-26136 page_item_has_children\"><a href=\"https:\/\/www.mpechicago.com\/de\/\">Heim<\/a>\n<ul class='children'>\n\t<li class=\"page_item page-item-26562 page_item_has_children\"><a href=\"https:\/\/www.mpechicago.com\/de\/startseite\/ausruestung\/\">Ausr\u00fcstung<\/a>\n\t<ul class='children'>\n\t\t<li class=\"page_item page-item-48944\"><a href=\"https:\/\/www.mpechicago.com\/de\/startseite\/ausruestung\/kaffee-entgasung\/\">Kaffee-Entgasung<\/a><\/li>\n\t<\/ul>\n<\/li>\n<\/ul>\n<\/li>\n<li class=\"page_item page-item-26815\"><a href=\"https:\/\/www.mpechicago.com\/de\/industrielle-pfeffermuehle\/\">Industrielle Pfefferm\u00fchle<\/a><\/li>\n<li class=\"page_item page-item-26394\"><a href=\"https:\/\/www.mpechicago.com\/de\/integration-von-prozesssystemen\/\">Integration von Prozesssystemen<\/a><\/li>\n<li class=\"page_item page-item-47835\"><a href=\"https:\/\/www.mpechicago.com\/de\/kaffeeverarbeitungsanlage\/\">Kaffeeverarbeitungsanlage<\/a><\/li>\n<li class=\"page_item page-item-26764\"><a href=\"https:\/\/www.mpechicago.com\/de\/kalkstein\/\">Kalkstein<\/a><\/li>\n<li class=\"page_item page-item-26499 page_item_has_children\"><a href=\"https:\/\/www.mpechicago.com\/de\/ketten-vey-rohrschlepper\/\">Ketten-Vey-Rohrschlepper<\/a>\n<ul class='children'>\n\t<li class=\"page_item page-item-26495 page_item_has_children\"><a href=\"https:\/\/www.mpechicago.com\/de\/ketten-vey-rohrschlepper\/antraege\/\">Antr\u00e4ge<\/a>\n\t<ul class='children'>\n\t\t<li class=\"page_item page-item-26602\"><a href=\"https:\/\/www.mpechicago.com\/de\/ketten-vey-rohrschlepper\/antraege\/baeckerei-zutaten\/\">B\u00e4ckerei &amp; Zutaten<\/a><\/li>\n\t\t<li class=\"page_item page-item-26961\"><a href=\"https:\/\/www.mpechicago.com\/de\/ketten-vey-rohrschlepper\/antraege\/baeckerei-zutaten-2\/\">B\u00e4ckerei &amp; Zutaten<\/a><\/li>\n\t\t<li class=\"page_item page-item-26623\"><a href=\"https:\/\/www.mpechicago.com\/de\/ketten-vey-rohrschlepper\/antraege\/fruehstuecksflocken\/\">Fr\u00fchst\u00fccksflocken<\/a><\/li>\n\t\t<li class=\"page_item page-item-26621\"><a href=\"https:\/\/www.mpechicago.com\/de\/ketten-vey-rohrschlepper\/antraege\/brauerei-brennerei\/\">Brauerei &amp; Brennerei<\/a><\/li>\n\t\t<li class=\"page_item page-item-26584\"><a href=\"https:\/\/www.mpechicago.com\/de\/ketten-vey-rohrschlepper\/antraege\/kaffee\/\">Kaffee<\/a><\/li>\n\t\t<li class=\"page_item page-item-26866\"><a href=\"https:\/\/www.mpechicago.com\/de\/ketten-vey-rohrschlepper\/antraege\/erdnuss-baumnuesse\/\">Erdnuss &amp; Baumn\u00fcsse<\/a><\/li>\n\t\t<li class=\"page_item page-item-26641\"><a href=\"https:\/\/www.mpechicago.com\/de\/ketten-vey-rohrschlepper\/antraege\/pulver-und-schuettgueter\/\">Pulver und Sch\u00fcttg\u00fcter<\/a><\/li>\n\t\t<li class=\"page_item page-item-26603\"><a href=\"https:\/\/www.mpechicago.com\/de\/ketten-vey-rohrschlepper\/antraege\/tiernahrung\/\">Tiernahrung<\/a><\/li>\n\t\t<li class=\"page_item page-item-26960\"><a href=\"https:\/\/www.mpechicago.com\/de\/ketten-vey-rohrschlepper\/antraege\/rezirkulierende-aquakultursysteme\/\">Rezirkulierende Aquakultursysteme<\/a><\/li>\n\t\t<li class=\"page_item page-item-26561\"><a href=\"https:\/\/www.mpechicago.com\/de\/ketten-vey-rohrschlepper\/antraege\/chain-vey-prueflabor\/\">Chain-Vey Pr\u00fcflabor<\/a><\/li>\n\t<\/ul>\n<\/li>\n\t<li class=\"page_item page-item-26516 page_item_has_children\"><a href=\"https:\/\/www.mpechicago.com\/de\/ketten-vey-rohrschlepper\/entwirft\/\">Entwirft<\/a>\n\t<ul class='children'>\n\t\t<li class=\"page_item page-item-26664\"><a href=\"https:\/\/www.mpechicago.com\/de\/ketten-vey-rohrschlepper\/entwirft\/ein-und-auslaesse\/\">Ein- und Ausl\u00e4sse<\/a><\/li>\n\t\t<li class=\"page_item page-item-26518 page_item_has_children\"><a href=\"https:\/\/www.mpechicago.com\/de\/ketten-vey-rohrschlepper\/entwirft\/kapazitaeten\/\">Kapazit\u00e4ten<\/a>\n\t\t<ul class='children'>\n\t\t\t<li class=\"page_item page-item-26682\"><a href=\"https:\/\/www.mpechicago.com\/de\/ketten-vey-rohrschlepper\/entwirft\/kapazitaeten\/3-oder-76-mm-rohrfoerderer\/\">3&#8243; oder 76 mm Rohrf\u00f6rderer<\/a><\/li>\n\t\t\t<li class=\"page_item page-item-26704\"><a href=\"https:\/\/www.mpechicago.com\/de\/ketten-vey-rohrschlepper\/entwirft\/kapazitaeten\/4-oder-102-mm-rohrfoerderer\/\">4&#8243; oder 102 mm Rohrf\u00f6rderer<\/a><\/li>\n\t\t\t<li class=\"page_item page-item-26702\"><a href=\"https:\/\/www.mpechicago.com\/de\/ketten-vey-rohrschlepper\/entwirft\/kapazitaeten\/5-oder-127-mm-rohrfoerderer\/\">5&#8243; oder 127 mm Rohrf\u00f6rderer<\/a><\/li>\n\t\t\t<li class=\"page_item page-item-26722\"><a href=\"https:\/\/www.mpechicago.com\/de\/ketten-vey-rohrschlepper\/entwirft\/kapazitaeten\/6-oder-152-mm-rohrfoerderer\/\">6&#8243; oder 152 mm Rohrf\u00f6rderer<\/a><\/li>\n\t\t\t<li class=\"page_item page-item-26726\"><a href=\"https:\/\/www.mpechicago.com\/de\/ketten-vey-rohrschlepper\/entwirft\/kapazitaeten\/8-oder-203-mm-rohrfoerderer\/\">8&#8243; oder 203 mm Rohrf\u00f6rderer<\/a><\/li>\n\t\t<\/ul>\n<\/li>\n\t\t<li class=\"page_item page-item-26647\"><a href=\"https:\/\/www.mpechicago.com\/de\/ketten-vey-rohrschlepper\/entwirft\/kette-und-scheiben\/\">Kette und Scheiben<\/a><\/li>\n\t\t<li class=\"page_item page-item-26685\"><a href=\"https:\/\/www.mpechicago.com\/de\/ketten-vey-rohrschlepper\/entwirft\/u-schiene-und-spanner-optionen\/\">U-Schiene und Spanner-Optionen<\/a><\/li>\n\t\t<li class=\"page_item page-item-26663\"><a href=\"https:\/\/www.mpechicago.com\/de\/ketten-vey-rohrschlepper\/entwirft\/vergleichen\/\">Vergleichen<\/a><\/li>\n\t<\/ul>\n<\/li>\n\t<li class=\"page_item page-item-26538\"><a href=\"https:\/\/www.mpechicago.com\/de\/ketten-vey-rohrschlepper\/nachruestung-von-seilfoerderern\/\">Nachr\u00fcstung von Seilf\u00f6rderern<\/a><\/li>\n\t<li class=\"page_item page-item-26895 page_item_has_children\"><a href=\"https:\/\/www.mpechicago.com\/de\/ketten-vey-rohrschlepper\/reinigung-vor-ort\/\">Reinigung vor Ort<\/a>\n\t<ul class='children'>\n\t\t<li class=\"page_item page-item-26893\"><a href=\"https:\/\/www.mpechicago.com\/de\/ketten-vey-rohrschlepper\/reinigung-vor-ort\/stufe-1-an-ort-und-stelle-reinigen\/\">Stufe 1 &#8211; An Ort und Stelle reinigen<\/a><\/li>\n\t\t<li class=\"page_item page-item-26914\"><a href=\"https:\/\/www.mpechicago.com\/de\/ketten-vey-rohrschlepper\/reinigung-vor-ort\/stufe-2-an-ort-und-stelle-reinigen\/\">Stufe 2 \u2013 An Ort und Stelle reinigen<\/a><\/li>\n\t\t<li class=\"page_item page-item-26915\"><a href=\"https:\/\/www.mpechicago.com\/de\/ketten-vey-rohrschlepper\/reinigung-vor-ort\/stufe-3-an-ort-und-stelle-reinigen\/\">Stufe 3 &#8211; An Ort und Stelle reinigen<\/a><\/li>\n\t<\/ul>\n<\/li>\n<\/ul>\n<\/li>\n<li class=\"page_item page-item-26348\"><a href=\"https:\/\/www.mpechicago.com\/de\/kontaktieren-sie-uns\/\">Kontaktieren Sie uns<\/a><\/li>\n<li class=\"page_item page-item-47983\"><a href=\"https:\/\/www.mpechicago.com\/de\/kontaktieren-sie-uns-neu\/\">Kontaktieren Sie uns Neu<\/a><\/li>\n<li class=\"page_item page-item-47938\"><a href=\"https:\/\/www.mpechicago.com\/de\/lawrence-essen\/\">Lawrence Essen<\/a><\/li>\n<li class=\"page_item page-item-26326 page_item_has_children\"><a href=\"https:\/\/www.mpechicago.com\/de\/ausrustung-zum-mahlen-von-kaffee\/\">Mahlanlagen f\u00fcr Kaffee<\/a>\n<ul class='children'>\n\t<li class=\"page_item page-item-26173\"><a href=\"https:\/\/www.mpechicago.com\/de\/ausrustung-zum-mahlen-von-kaffee\/grinder-finder\/\">Grinder Finder<\/a><\/li>\n\t<li class=\"page_item page-item-26328\"><a href=\"https:\/\/www.mpechicago.com\/de\/ausrustung-zum-mahlen-von-kaffee\/kaffeemuhlen\/\">Kaffeem\u00fchlen<\/a><\/li>\n\t<li class=\"page_item page-item-26171 page_item_has_children\"><a href=\"https:\/\/www.mpechicago.com\/de\/ausrustung-zum-mahlen-von-kaffee\/technologien-zum-mahlen-von-kaffee\/\">Technologien zum Mahlen von Kaffee<\/a>\n\t<ul class='children'>\n\t\t<li class=\"page_item page-item-26475\"><a href=\"https:\/\/www.mpechicago.com\/de\/ausrustung-zum-mahlen-von-kaffee\/technologien-zum-mahlen-von-kaffee\/gourmet-disc-style-technologien\/\">Gourmet Disc Style Technologien<\/a><\/li>\n\t\t<li class=\"page_item page-item-26476\"><a href=\"https:\/\/www.mpechicago.com\/de\/ausrustung-zum-mahlen-von-kaffee\/technologien-zum-mahlen-von-kaffee\/industrielle-technologien-fuer-walzenstile\/\">Industrielle Technologien f\u00fcr Walzenstile<\/a><\/li>\n\t\t<li class=\"page_item page-item-26878\"><a href=\"https:\/\/www.mpechicago.com\/de\/ausrustung-zum-mahlen-von-kaffee\/technologien-zum-mahlen-von-kaffee\/mahlen-von-kaffeekapseln\/\">Mahlen von Kaffeekapseln<\/a><\/li>\n\t<\/ul>\n<\/li>\n<\/ul>\n<\/li>\n<li class=\"page_item page-item-26299 page_item_has_children\"><a href=\"https:\/\/www.mpechicago.com\/de\/nahrungsmittel-chemie-und-mineralienmahlanlagen\/\">Mahlanlagen f\u00fcr Lebensmittel, Chemie und Mineralien<\/a>\n<ul class='children'>\n\t<li class=\"page_item page-item-26306 page_item_has_children\"><a href=\"https:\/\/www.mpechicago.com\/de\/nahrungsmittel-chemie-und-mineralienmahlanlagen\/industrielles-schleifen-anwendungen\/\">Industrielles Schleifen Anwendungen<\/a>\n\t<ul class='children'>\n\t\t<li class=\"page_item page-item-26147\"><a href=\"https:\/\/www.mpechicago.com\/de\/nahrungsmittel-chemie-und-mineralienmahlanlagen\/industrielles-schleifen-anwendungen\/brennerei-mahlanlagen\/\">Brennerei-Mahlanlagen<\/a><\/li>\n\t\t<li class=\"page_item page-item-26375\"><a href=\"https:\/\/www.mpechicago.com\/de\/nahrungsmittel-chemie-und-mineralienmahlanlagen\/industrielles-schleifen-anwendungen\/chemisches-schleifen\/\">Chemisches Schleifen<\/a><\/li>\n\t\t<li class=\"page_item page-item-26288\"><a href=\"https:\/\/www.mpechicago.com\/de\/nahrungsmittel-chemie-und-mineralienmahlanlagen\/industrielles-schleifen-anwendungen\/grind-testing-lab\/\">Grind Testing Lab<\/a><\/li>\n\t\t<li class=\"page_item page-item-26420\"><a href=\"https:\/\/www.mpechicago.com\/de\/nahrungsmittel-chemie-und-mineralienmahlanlagen\/industrielles-schleifen-anwendungen\/lebensmittel-und-gewuerzmahlanlagen\/\">Lebensmittel- und Gew\u00fcrzmahlanlagen<\/a><\/li>\n\t\t<li class=\"page_item page-item-26419\"><a href=\"https:\/\/www.mpechicago.com\/de\/nahrungsmittel-chemie-und-mineralienmahlanlagen\/industrielles-schleifen-anwendungen\/mineralien-mahlen\/\">Mineralien mahlen<\/a><\/li>\n\t<\/ul>\n<\/li>\n\t<li class=\"page_item page-item-26403\"><a href=\"https:\/\/www.mpechicago.com\/de\/nahrungsmittel-chemie-und-mineralienmahlanlagen\/gran-u-lizer-technologie\/\">Gran-U-Lizer Technologie<\/a><\/li>\n\t<li class=\"page_item page-item-26177\"><a href=\"https:\/\/www.mpechicago.com\/de\/nahrungsmittel-chemie-und-mineralienmahlanlagen\/fcm-schleifmaschinen\/\">FCM-Schleifmaschinen<\/a><\/li>\n<\/ul>\n<\/li>\n<li class=\"page_item page-item-26744\"><a href=\"https:\/\/www.mpechicago.com\/de\/mandel-foerderband\/\">Mandel-F\u00f6rderband<\/a><\/li>\n<li class=\"page_item page-item-26938\"><a href=\"https:\/\/www.mpechicago.com\/de\/mpe-single-serve-kaffeekapseln-funktionen\/\">MPE Single-Serve-Kaffeekapseln Funktionen<\/a><\/li>\n<li class=\"page_item page-item-48570\"><a href=\"https:\/\/www.mpechicago.com\/de\/neue-seite-sprachtest\/\">Neue Seite Sprachtest<\/a><\/li>\n<li class=\"page_item page-item-26259 current_page_parent\"><a href=\"https:\/\/www.mpechicago.com\/de\/nachrichten-fallstudien\/\">Neuigkeiten und Fallstudien<\/a><\/li>\n<li class=\"page_item page-item-47812\"><a href=\"https:\/\/www.mpechicago.com\/de\/oem-partner-fuer-die-luft-und-raumfahrt\/\">OEM-Partner f\u00fcr die Luft- und Raumfahrt<\/a><\/li>\n<li class=\"page_item page-item-26318\"><a href=\"https:\/\/www.mpechicago.com\/de\/offene-stellen\/\">Offene Stellen<\/a><\/li>\n<li class=\"page_item page-item-47810\"><a href=\"https:\/\/www.mpechicago.com\/de\/pacifikava\/\">Pacifikava<\/a><\/li>\n<li class=\"page_item page-item-26802\"><a href=\"https:\/\/www.mpechicago.com\/de\/polyester\/\">Polyester<\/a><\/li>\n<li class=\"page_item page-item-26786\"><a href=\"https:\/\/www.mpechicago.com\/de\/polysilizium-muehle\/\">Polysilizium-M\u00fchle<\/a><\/li>\n<li class=\"page_item page-item-26153\"><a href=\"https:\/\/www.mpechicago.com\/de\/prazisions-walzenmuhlen-fur-destillateure\/\">Pr\u00e4zisions-Walzenm\u00fchlen f\u00fcr Destillateure<\/a><\/li>\n<li class=\"page_item page-item-26850\"><a href=\"https:\/\/www.mpechicago.com\/de\/pre-sales-anwendung\/\">Pre-Sales-Anwendung<\/a><\/li>\n<li class=\"page_item page-item-47772\"><a href=\"https:\/\/www.mpechicago.com\/de\/premier-vogelfutter\/\">Premier Vogelfutter<\/a><\/li>\n<li class=\"page_item page-item-26238\"><a href=\"https:\/\/www.mpechicago.com\/de\/ressourcen-bibliothek\/\">Ressourcen Bibliothek<\/a><\/li>\n<li class=\"page_item page-item-26443\"><a href=\"https:\/\/www.mpechicago.com\/de\/ruckerstattungs-und-ruckgaberecht\/\">R\u00fcckerstattungs- und R\u00fcckgaberecht<\/a><\/li>\n<li class=\"page_item page-item-26455\"><a href=\"https:\/\/www.mpechicago.com\/de\/seite-weitere-optionen-wenn-chemisch-ag-lebensmittel-gewurze-andere-lp\/\">Seite &#8222;Weitere Optionen&#8220; (wenn chemisch, ag, Lebensmittel\/Gew\u00fcrze, andere: LP<\/a><\/li>\n<li class=\"page_item page-item-26763\"><a href=\"https:\/\/www.mpechicago.com\/de\/silizium-metall\/\">Silizium-Metall<\/a><\/li>\n<li class=\"page_item page-item-26805\"><a href=\"https:\/\/www.mpechicago.com\/de\/sitemap\/\">Sitemap<\/a><\/li>\n<li class=\"page_item page-item-26782\"><a href=\"https:\/\/www.mpechicago.com\/de\/steinsalz\/\">Steinsalz<\/a><\/li>\n<li class=\"page_item page-item-26937\"><a href=\"https:\/\/www.mpechicago.com\/de\/super-max-und-mini-max-schleifmaschinen\/\">Super.Max und Mini.Max\u2122 Schleifmaschinen<\/a><\/li>\n<li class=\"page_item page-item-47915\"><a href=\"https:\/\/www.mpechicago.com\/de\/support-anfordern\/\">Support anfordern<\/a><\/li>\n<li class=\"page_item page-item-26247\"><a href=\"https:\/\/www.mpechicago.com\/de\/uber-mpe\/\">\u00dcber MPE<\/a><\/li>\n<li class=\"page_item page-item-47787\"><a href=\"https:\/\/www.mpechicago.com\/de\/westrock\/\">Westrock<\/a><\/li>\n<li class=\"page_item page-item-47875\"><a href=\"https:\/\/www.mpechicago.com\/de\/wicked-joe-kaffee\/\">Wicked Joe Kaffee<\/a><\/li>\n<\/ul>\n<\/div>\n","protected":false},"excerpt":{"rendered":"<p>Sitemap Titelseite Titelseite der modernen Prozessausr\u00fcstung<\/p>\n","protected":false},"author":20,"featured_media":0,"parent":0,"menu_order":0,"comment_status":"closed","ping_status":"closed","template":"","meta":{"_acf_changed":false,"content-type":"","rs_blank_template":"","rs_page_bg_color":"","slide_template_v7":"","footnotes":""},"class_list":["post-26805","page","type-page","status-publish","hentry"],"acf":[],"yoast_head":"<!-- This site is optimized with the Yoast SEO plugin v27.4 - https:\/\/yoast.com\/product\/yoast-seo-wordpress\/ -->\n<title>Sitemap - Moderne Prozessanlagen<\/title>\n<meta name=\"description\" content=\"Erkunden Sie unsere Sitemap f\u00fcr eine einfache Navigation zu verschiedenen Seiten unserer Website. Hier finden Sie Informationen zu unseren Ger\u00e4ten, Dienstleistungen und Ressourcen.\" \/>\n<meta name=\"robots\" content=\"index, follow, max-snippet:-1, max-image-preview:large, max-video-preview:-1\" \/>\n<link rel=\"canonical\" href=\"https:\/\/www.mpechicago.com\/de\/sitemap\/\" \/>\n<meta property=\"og:locale\" content=\"de_DE\" \/>\n<meta property=\"og:type\" content=\"article\" \/>\n<meta property=\"og:title\" content=\"Sitemap - Moderne Prozessanlagen\" \/>\n<meta property=\"og:description\" content=\"Erkunden Sie unsere Sitemap f\u00fcr eine einfache Navigation zu verschiedenen Seiten unserer Website. Hier finden Sie Informationen zu unseren Ger\u00e4ten, Dienstleistungen und Ressourcen.\" \/>\n<meta property=\"og:url\" content=\"https:\/\/www.mpechicago.com\/de\/sitemap\/\" \/>\n<meta property=\"og:site_name\" content=\"Moderne Prozessanlagen\" \/>\n<meta property=\"article:modified_time\" content=\"2025-05-02T04:10:52+00:00\" \/>\n<meta name=\"twitter:card\" content=\"summary_large_image\" \/>\n<script type=\"application\/ld+json\" class=\"yoast-schema-graph\">{\"@context\":\"https:\\\/\\\/schema.org\",\"@graph\":[{\"@type\":\"WebPage\",\"@id\":\"https:\\\/\\\/www.mpechicago.com\\\/de\\\/sitemap\\\/\",\"url\":\"https:\\\/\\\/www.mpechicago.com\\\/de\\\/sitemap\\\/\",\"name\":\"Sitemap - Moderne Prozessanlagen\",\"isPartOf\":{\"@id\":\"https:\\\/\\\/www.mpechicago.com\\\/de\\\/#website\"},\"datePublished\":\"2019-12-24T12:08:18+00:00\",\"dateModified\":\"2025-05-02T04:10:52+00:00\",\"description\":\"Erkunden Sie unsere Sitemap f\u00fcr eine einfache Navigation zu verschiedenen Seiten unserer Website. Hier finden Sie Informationen zu unseren Ger\u00e4ten, Dienstleistungen und Ressourcen.\",\"breadcrumb\":{\"@id\":\"https:\\\/\\\/www.mpechicago.com\\\/de\\\/sitemap\\\/#breadcrumb\"},\"inLanguage\":\"de\",\"potentialAction\":[{\"@type\":\"ReadAction\",\"target\":[\"https:\\\/\\\/www.mpechicago.com\\\/de\\\/sitemap\\\/\"]}]},{\"@type\":\"BreadcrumbList\",\"@id\":\"https:\\\/\\\/www.mpechicago.com\\\/de\\\/sitemap\\\/#breadcrumb\",\"itemListElement\":[{\"@type\":\"ListItem\",\"position\":1,\"name\":\"Heim\",\"item\":\"https:\\\/\\\/www.mpechicago.com\\\/de\\\/\"},{\"@type\":\"ListItem\",\"position\":2,\"name\":\"Sitemap\"}]},{\"@type\":\"WebSite\",\"@id\":\"https:\\\/\\\/www.mpechicago.com\\\/de\\\/#website\",\"url\":\"https:\\\/\\\/www.mpechicago.com\\\/de\\\/\",\"name\":\"Moderne Prozessanlagen\",\"description\":\"\",\"publisher\":{\"@id\":\"https:\\\/\\\/www.mpechicago.com\\\/de\\\/#organization\"},\"potentialAction\":[{\"@type\":\"SearchAction\",\"target\":{\"@type\":\"EntryPoint\",\"urlTemplate\":\"https:\\\/\\\/www.mpechicago.com\\\/de\\\/?s={search_term_string}\"},\"query-input\":{\"@type\":\"PropertyValueSpecification\",\"valueRequired\":true,\"valueName\":\"search_term_string\"}}],\"inLanguage\":\"de\"},{\"@type\":\"Organization\",\"@id\":\"https:\\\/\\\/www.mpechicago.com\\\/de\\\/#organization\",\"name\":\"Moderne Prozessanlagen\",\"url\":\"https:\\\/\\\/www.mpechicago.com\\\/de\\\/\",\"logo\":{\"@type\":\"ImageObject\",\"inLanguage\":\"de\",\"@id\":\"https:\\\/\\\/www.mpechicago.com\\\/de\\\/#\\\/schema\\\/logo\\\/image\\\/\",\"url\":\"https:\\\/\\\/www.mpechicago.com\\\/wp-content\\\/uploads\\\/2019\\\/12\\\/logo.png\",\"contentUrl\":\"https:\\\/\\\/www.mpechicago.com\\\/wp-content\\\/uploads\\\/2019\\\/12\\\/logo.png\",\"width\":200,\"height\":91,\"caption\":\"Moderne Prozessanlagen\"},\"image\":{\"@id\":\"https:\\\/\\\/www.mpechicago.com\\\/de\\\/#\\\/schema\\\/logo\\\/image\\\/\"}}]}<\/script>\n<!-- \/ Yoast SEO plugin. -->","yoast_head_json":{"title":"Sitemap - Moderne Prozessanlagen","description":"Erkunden Sie unsere Sitemap f\u00fcr eine einfache Navigation zu verschiedenen Seiten unserer Website. Hier finden Sie Informationen zu unseren Ger\u00e4ten, Dienstleistungen und Ressourcen.","robots":{"index":"index","follow":"follow","max-snippet":"max-snippet:-1","max-image-preview":"max-image-preview:large","max-video-preview":"max-video-preview:-1"},"canonical":"https:\/\/www.mpechicago.com\/de\/sitemap\/","og_locale":"de_DE","og_type":"article","og_title":"Sitemap - Moderne Prozessanlagen","og_description":"Erkunden Sie unsere Sitemap f\u00fcr eine einfache Navigation zu verschiedenen Seiten unserer Website. Hier finden Sie Informationen zu unseren Ger\u00e4ten, Dienstleistungen und Ressourcen.","og_url":"https:\/\/www.mpechicago.com\/de\/sitemap\/","og_site_name":"Moderne Prozessanlagen","article_modified_time":"2025-05-02T04:10:52+00:00","twitter_card":"summary_large_image","schema":{"@context":"https:\/\/schema.org","@graph":[{"@type":"WebPage","@id":"https:\/\/www.mpechicago.com\/de\/sitemap\/","url":"https:\/\/www.mpechicago.com\/de\/sitemap\/","name":"Sitemap - Moderne Prozessanlagen","isPartOf":{"@id":"https:\/\/www.mpechicago.com\/de\/#website"},"datePublished":"2019-12-24T12:08:18+00:00","dateModified":"2025-05-02T04:10:52+00:00","description":"Erkunden Sie unsere Sitemap f\u00fcr eine einfache Navigation zu verschiedenen Seiten unserer Website. Hier finden Sie Informationen zu unseren Ger\u00e4ten, Dienstleistungen und Ressourcen.","breadcrumb":{"@id":"https:\/\/www.mpechicago.com\/de\/sitemap\/#breadcrumb"},"inLanguage":"de","potentialAction":[{"@type":"ReadAction","target":["https:\/\/www.mpechicago.com\/de\/sitemap\/"]}]},{"@type":"BreadcrumbList","@id":"https:\/\/www.mpechicago.com\/de\/sitemap\/#breadcrumb","itemListElement":[{"@type":"ListItem","position":1,"name":"Heim","item":"https:\/\/www.mpechicago.com\/de\/"},{"@type":"ListItem","position":2,"name":"Sitemap"}]},{"@type":"WebSite","@id":"https:\/\/www.mpechicago.com\/de\/#website","url":"https:\/\/www.mpechicago.com\/de\/","name":"Moderne Prozessanlagen","description":"","publisher":{"@id":"https:\/\/www.mpechicago.com\/de\/#organization"},"potentialAction":[{"@type":"SearchAction","target":{"@type":"EntryPoint","urlTemplate":"https:\/\/www.mpechicago.com\/de\/?s={search_term_string}"},"query-input":{"@type":"PropertyValueSpecification","valueRequired":true,"valueName":"search_term_string"}}],"inLanguage":"de"},{"@type":"Organization","@id":"https:\/\/www.mpechicago.com\/de\/#organization","name":"Moderne Prozessanlagen","url":"https:\/\/www.mpechicago.com\/de\/","logo":{"@type":"ImageObject","inLanguage":"de","@id":"https:\/\/www.mpechicago.com\/de\/#\/schema\/logo\/image\/","url":"https:\/\/www.mpechicago.com\/wp-content\/uploads\/2019\/12\/logo.png","contentUrl":"https:\/\/www.mpechicago.com\/wp-content\/uploads\/2019\/12\/logo.png","width":200,"height":91,"caption":"Moderne Prozessanlagen"},"image":{"@id":"https:\/\/www.mpechicago.com\/de\/#\/schema\/logo\/image\/"}}]}},"_links":{"self":[{"href":"https:\/\/www.mpechicago.com\/de\/wp-json\/wp\/v2\/pages\/26805","targetHints":{"allow":["GET"]}}],"collection":[{"href":"https:\/\/www.mpechicago.com\/de\/wp-json\/wp\/v2\/pages"}],"about":[{"href":"https:\/\/www.mpechicago.com\/de\/wp-json\/wp\/v2\/types\/page"}],"author":[{"embeddable":true,"href":"https:\/\/www.mpechicago.com\/de\/wp-json\/wp\/v2\/users\/20"}],"replies":[{"embeddable":true,"href":"https:\/\/www.mpechicago.com\/de\/wp-json\/wp\/v2\/comments?post=26805"}],"version-history":[{"count":1,"href":"https:\/\/www.mpechicago.com\/de\/wp-json\/wp\/v2\/pages\/26805\/revisions"}],"predecessor-version":[{"id":26809,"href":"https:\/\/www.mpechicago.com\/de\/wp-json\/wp\/v2\/pages\/26805\/revisions\/26809"}],"wp:attachment":[{"href":"https:\/\/www.mpechicago.com\/de\/wp-json\/wp\/v2\/media?parent=26805"}],"curies":[{"name":"wp","href":"https:\/\/api.w.org\/{rel}","templated":true}]}}