{"id":26764,"date":"2019-12-20T11:27:18","date_gmt":"2019-12-20T17:27:18","guid":{"rendered":"https:\/\/www.mpechicago.com\/kalkstein\/"},"modified":"2025-05-01T23:10:38","modified_gmt":"2025-05-02T04:10:38","slug":"kalkstein","status":"publish","type":"page","link":"https:\/\/www.mpechicago.com\/de\/kalkstein\/","title":{"rendered":"Kalkstein"},"content":{"rendered":"\n<h1 class=\"wp-block-heading\">Kalkstein<\/h1>\n\n<p>Daten zur Partikelreduktion f\u00fcr industrielle Anwendungen, zus\u00e4tzliche Informationen zur Partikelgr\u00f6\u00dfenverteilung auf Anfrage erh\u00e4ltlich.<\/p>\n\n<figure class=\"wp-block-image size-large\"><img fetchpriority=\"high\" decoding=\"async\" width=\"600\" height=\"402\" src=\"http:\/\/www.mpechicago.com\/wp-content\/uploads\/2019\/12\/limestone.jpg\" alt=\"\" class=\"wp-image-3203\"\/><\/figure>\n","protected":false},"excerpt":{"rendered":"<p>Kalkstein Daten zur Partikelreduktion f\u00fcr industrielle Anwendungen, zus\u00e4tzliche Informationen zur Partikelgr\u00f6\u00dfenverteilung auf Anfrage erh\u00e4ltlich.<\/p>\n","protected":false},"author":20,"featured_media":0,"parent":0,"menu_order":0,"comment_status":"closed","ping_status":"closed","template":"","meta":{"_acf_changed":false,"content-type":"","rs_blank_template":"","rs_page_bg_color":"","slide_template_v7":"","footnotes":""},"class_list":["post-26764","page","type-page","status-publish","hentry"],"acf":[],"yoast_head":"<!-- This site is optimized with the Yoast SEO plugin v27.4 - https:\/\/yoast.com\/product\/yoast-seo-wordpress\/ -->\n<title>Anwendung von Zerkleinerungsger\u00e4ten - Kalkstein - Moderne Prozessanlagen<\/title>\n<meta name=\"description\" content=\"Daten zur Zerkleinerung von Kalkstein und Verarbeitungsl\u00f6sungen - MPE Pr\u00e4zisionsschleifanlagen\" \/>\n<meta name=\"robots\" content=\"index, follow, max-snippet:-1, max-image-preview:large, max-video-preview:-1\" \/>\n<link rel=\"canonical\" href=\"https:\/\/www.mpechicago.com\/de\/kalkstein\/\" \/>\n<meta property=\"og:locale\" content=\"de_DE\" \/>\n<meta property=\"og:type\" content=\"article\" \/>\n<meta property=\"og:title\" content=\"Anwendung von Zerkleinerungsger\u00e4ten - Kalkstein - Moderne Prozessanlagen\" \/>\n<meta property=\"og:description\" content=\"Daten zur Zerkleinerung von Kalkstein und Verarbeitungsl\u00f6sungen - MPE Pr\u00e4zisionsschleifanlagen\" \/>\n<meta property=\"og:url\" content=\"https:\/\/www.mpechicago.com\/de\/kalkstein\/\" \/>\n<meta property=\"og:site_name\" content=\"Moderne Prozessanlagen\" \/>\n<meta property=\"article:modified_time\" content=\"2025-05-02T04:10:38+00:00\" \/>\n<meta property=\"og:image\" content=\"http:\/\/www.mpechicago.com\/wp-content\/uploads\/2019\/12\/limestone.jpg\" \/>\n<meta name=\"twitter:card\" content=\"summary_large_image\" \/>\n<script type=\"application\/ld+json\" class=\"yoast-schema-graph\">{\"@context\":\"https:\\\/\\\/schema.org\",\"@graph\":[{\"@type\":\"WebPage\",\"@id\":\"https:\\\/\\\/www.mpechicago.com\\\/de\\\/kalkstein\\\/\",\"url\":\"https:\\\/\\\/www.mpechicago.com\\\/de\\\/kalkstein\\\/\",\"name\":\"Anwendung von Zerkleinerungsger\u00e4ten - Kalkstein - Moderne Prozessanlagen\",\"isPartOf\":{\"@id\":\"https:\\\/\\\/www.mpechicago.com\\\/de\\\/#website\"},\"primaryImageOfPage\":{\"@id\":\"https:\\\/\\\/www.mpechicago.com\\\/de\\\/kalkstein\\\/#primaryimage\"},\"image\":{\"@id\":\"https:\\\/\\\/www.mpechicago.com\\\/de\\\/kalkstein\\\/#primaryimage\"},\"thumbnailUrl\":\"http:\\\/\\\/www.mpechicago.com\\\/wp-content\\\/uploads\\\/2019\\\/12\\\/limestone.jpg\",\"datePublished\":\"2019-12-20T17:27:18+00:00\",\"dateModified\":\"2025-05-02T04:10:38+00:00\",\"description\":\"Daten zur Zerkleinerung von Kalkstein und Verarbeitungsl\u00f6sungen - MPE Pr\u00e4zisionsschleifanlagen\",\"breadcrumb\":{\"@id\":\"https:\\\/\\\/www.mpechicago.com\\\/de\\\/kalkstein\\\/#breadcrumb\"},\"inLanguage\":\"de\",\"potentialAction\":[{\"@type\":\"ReadAction\",\"target\":[\"https:\\\/\\\/www.mpechicago.com\\\/de\\\/kalkstein\\\/\"]}]},{\"@type\":\"ImageObject\",\"inLanguage\":\"de\",\"@id\":\"https:\\\/\\\/www.mpechicago.com\\\/de\\\/kalkstein\\\/#primaryimage\",\"url\":\"http:\\\/\\\/www.mpechicago.com\\\/wp-content\\\/uploads\\\/2019\\\/12\\\/limestone.jpg\",\"contentUrl\":\"http:\\\/\\\/www.mpechicago.com\\\/wp-content\\\/uploads\\\/2019\\\/12\\\/limestone.jpg\"},{\"@type\":\"BreadcrumbList\",\"@id\":\"https:\\\/\\\/www.mpechicago.com\\\/de\\\/kalkstein\\\/#breadcrumb\",\"itemListElement\":[{\"@type\":\"ListItem\",\"position\":1,\"name\":\"Heim\",\"item\":\"https:\\\/\\\/www.mpechicago.com\\\/de\\\/\"},{\"@type\":\"ListItem\",\"position\":2,\"name\":\"Kalkstein\"}]},{\"@type\":\"WebSite\",\"@id\":\"https:\\\/\\\/www.mpechicago.com\\\/de\\\/#website\",\"url\":\"https:\\\/\\\/www.mpechicago.com\\\/de\\\/\",\"name\":\"Moderne Prozessanlagen\",\"description\":\"\",\"publisher\":{\"@id\":\"https:\\\/\\\/www.mpechicago.com\\\/de\\\/#organization\"},\"potentialAction\":[{\"@type\":\"SearchAction\",\"target\":{\"@type\":\"EntryPoint\",\"urlTemplate\":\"https:\\\/\\\/www.mpechicago.com\\\/de\\\/?s={search_term_string}\"},\"query-input\":{\"@type\":\"PropertyValueSpecification\",\"valueRequired\":true,\"valueName\":\"search_term_string\"}}],\"inLanguage\":\"de\"},{\"@type\":\"Organization\",\"@id\":\"https:\\\/\\\/www.mpechicago.com\\\/de\\\/#organization\",\"name\":\"Moderne Prozessanlagen\",\"url\":\"https:\\\/\\\/www.mpechicago.com\\\/de\\\/\",\"logo\":{\"@type\":\"ImageObject\",\"inLanguage\":\"de\",\"@id\":\"https:\\\/\\\/www.mpechicago.com\\\/de\\\/#\\\/schema\\\/logo\\\/image\\\/\",\"url\":\"https:\\\/\\\/www.mpechicago.com\\\/wp-content\\\/uploads\\\/2019\\\/12\\\/logo.png\",\"contentUrl\":\"https:\\\/\\\/www.mpechicago.com\\\/wp-content\\\/uploads\\\/2019\\\/12\\\/logo.png\",\"width\":200,\"height\":91,\"caption\":\"Moderne Prozessanlagen\"},\"image\":{\"@id\":\"https:\\\/\\\/www.mpechicago.com\\\/de\\\/#\\\/schema\\\/logo\\\/image\\\/\"}}]}<\/script>\n<!-- \/ Yoast SEO plugin. -->","yoast_head_json":{"title":"Anwendung von Zerkleinerungsger\u00e4ten - Kalkstein - Moderne Prozessanlagen","description":"Daten zur Zerkleinerung von Kalkstein und Verarbeitungsl\u00f6sungen - MPE Pr\u00e4zisionsschleifanlagen","robots":{"index":"index","follow":"follow","max-snippet":"max-snippet:-1","max-image-preview":"max-image-preview:large","max-video-preview":"max-video-preview:-1"},"canonical":"https:\/\/www.mpechicago.com\/de\/kalkstein\/","og_locale":"de_DE","og_type":"article","og_title":"Anwendung von Zerkleinerungsger\u00e4ten - Kalkstein - Moderne Prozessanlagen","og_description":"Daten zur Zerkleinerung von Kalkstein und Verarbeitungsl\u00f6sungen - MPE Pr\u00e4zisionsschleifanlagen","og_url":"https:\/\/www.mpechicago.com\/de\/kalkstein\/","og_site_name":"Moderne Prozessanlagen","article_modified_time":"2025-05-02T04:10:38+00:00","og_image":[{"url":"http:\/\/www.mpechicago.com\/wp-content\/uploads\/2019\/12\/limestone.jpg","type":"","width":"","height":""}],"twitter_card":"summary_large_image","schema":{"@context":"https:\/\/schema.org","@graph":[{"@type":"WebPage","@id":"https:\/\/www.mpechicago.com\/de\/kalkstein\/","url":"https:\/\/www.mpechicago.com\/de\/kalkstein\/","name":"Anwendung von Zerkleinerungsger\u00e4ten - Kalkstein - Moderne Prozessanlagen","isPartOf":{"@id":"https:\/\/www.mpechicago.com\/de\/#website"},"primaryImageOfPage":{"@id":"https:\/\/www.mpechicago.com\/de\/kalkstein\/#primaryimage"},"image":{"@id":"https:\/\/www.mpechicago.com\/de\/kalkstein\/#primaryimage"},"thumbnailUrl":"http:\/\/www.mpechicago.com\/wp-content\/uploads\/2019\/12\/limestone.jpg","datePublished":"2019-12-20T17:27:18+00:00","dateModified":"2025-05-02T04:10:38+00:00","description":"Daten zur Zerkleinerung von Kalkstein und Verarbeitungsl\u00f6sungen - MPE Pr\u00e4zisionsschleifanlagen","breadcrumb":{"@id":"https:\/\/www.mpechicago.com\/de\/kalkstein\/#breadcrumb"},"inLanguage":"de","potentialAction":[{"@type":"ReadAction","target":["https:\/\/www.mpechicago.com\/de\/kalkstein\/"]}]},{"@type":"ImageObject","inLanguage":"de","@id":"https:\/\/www.mpechicago.com\/de\/kalkstein\/#primaryimage","url":"http:\/\/www.mpechicago.com\/wp-content\/uploads\/2019\/12\/limestone.jpg","contentUrl":"http:\/\/www.mpechicago.com\/wp-content\/uploads\/2019\/12\/limestone.jpg"},{"@type":"BreadcrumbList","@id":"https:\/\/www.mpechicago.com\/de\/kalkstein\/#breadcrumb","itemListElement":[{"@type":"ListItem","position":1,"name":"Heim","item":"https:\/\/www.mpechicago.com\/de\/"},{"@type":"ListItem","position":2,"name":"Kalkstein"}]},{"@type":"WebSite","@id":"https:\/\/www.mpechicago.com\/de\/#website","url":"https:\/\/www.mpechicago.com\/de\/","name":"Moderne Prozessanlagen","description":"","publisher":{"@id":"https:\/\/www.mpechicago.com\/de\/#organization"},"potentialAction":[{"@type":"SearchAction","target":{"@type":"EntryPoint","urlTemplate":"https:\/\/www.mpechicago.com\/de\/?s={search_term_string}"},"query-input":{"@type":"PropertyValueSpecification","valueRequired":true,"valueName":"search_term_string"}}],"inLanguage":"de"},{"@type":"Organization","@id":"https:\/\/www.mpechicago.com\/de\/#organization","name":"Moderne Prozessanlagen","url":"https:\/\/www.mpechicago.com\/de\/","logo":{"@type":"ImageObject","inLanguage":"de","@id":"https:\/\/www.mpechicago.com\/de\/#\/schema\/logo\/image\/","url":"https:\/\/www.mpechicago.com\/wp-content\/uploads\/2019\/12\/logo.png","contentUrl":"https:\/\/www.mpechicago.com\/wp-content\/uploads\/2019\/12\/logo.png","width":200,"height":91,"caption":"Moderne Prozessanlagen"},"image":{"@id":"https:\/\/www.mpechicago.com\/de\/#\/schema\/logo\/image\/"}}]}},"_links":{"self":[{"href":"https:\/\/www.mpechicago.com\/de\/wp-json\/wp\/v2\/pages\/26764","targetHints":{"allow":["GET"]}}],"collection":[{"href":"https:\/\/www.mpechicago.com\/de\/wp-json\/wp\/v2\/pages"}],"about":[{"href":"https:\/\/www.mpechicago.com\/de\/wp-json\/wp\/v2\/types\/page"}],"author":[{"embeddable":true,"href":"https:\/\/www.mpechicago.com\/de\/wp-json\/wp\/v2\/users\/20"}],"replies":[{"embeddable":true,"href":"https:\/\/www.mpechicago.com\/de\/wp-json\/wp\/v2\/comments?post=26764"}],"version-history":[{"count":1,"href":"https:\/\/www.mpechicago.com\/de\/wp-json\/wp\/v2\/pages\/26764\/revisions"}],"predecessor-version":[{"id":26766,"href":"https:\/\/www.mpechicago.com\/de\/wp-json\/wp\/v2\/pages\/26764\/revisions\/26766"}],"wp:attachment":[{"href":"https:\/\/www.mpechicago.com\/de\/wp-json\/wp\/v2\/media?parent=26764"}],"curies":[{"name":"wp","href":"https:\/\/api.w.org\/{rel}","templated":true}]}}