{"id":26744,"date":"2019-12-20T05:28:31","date_gmt":"2019-12-20T11:28:31","guid":{"rendered":"https:\/\/www.mpechicago.com\/mandel-foerderband\/"},"modified":"2025-05-01T23:10:33","modified_gmt":"2025-05-02T04:10:33","slug":"mandel-foerderband","status":"publish","type":"page","link":"https:\/\/www.mpechicago.com\/de\/mandel-foerderband\/","title":{"rendered":"Mandel-F\u00f6rderband"},"content":{"rendered":"<div class=\"wp-bootstrap-blocks-row\">\n\t<div class=\"row\">\n\t\t\n\n<div class=\"col-12 col-md-9 col-lg-9 col-xl-9\">\n\t<div class=\"\">\n\t\t\n\n<h1 class=\"page-title pt-20 wp-block-heading\">Mandel-F\u00f6rderband<\/h1>\n\n\n\n<p>Von ganzen Mandeln bis hin zu Mandelmehl haben die MPE-Ingenieure mit Mandelprodukten in Sch\u00fcttdichten von 22 bis 68 lb\/ft<sup>3<\/sup> gearbeitet. Mandelverarbeiter verlassen sich jeden Tag auf Chain-Vey, um ihre Produkte von der Rohmandelaufnahme bis hin zu den Mandelverpackungsanlagen zu transportieren. Wie bei allen Anwendungen f\u00fcr die Konstruktion von F\u00f6rder- oder Prozesssystemen kann MPE Ihre Anwendung testen, um ma\u00dfgeschneiderte L\u00f6sungen f\u00fcr Sie zu entwickeln.    <\/p>\n\n\n\n<div class=\"wp-block-columns is-layout-flex wp-container-core-columns-is-layout-9d6595d7 wp-block-columns-is-layout-flex\">\n<div class=\"wp-block-column is-layout-flow wp-block-column-is-layout-flow\" style=\"flex-basis:66.66%\">\n<p class=\"has-text-align-center\">Sch\u00fcttdichte von Mandeln<\/p>\n\n\n\n<table class=\"almond\" style=\"width: 100%;\" cellspacing=\"0\" cellpadding=\"0\">\n<thead>\n<tr>\n<th style=\"width: 59.1133%;\" scope=\"col\" data-sheets-value=\"{\">Produkt<\/th>\n<th style=\"width: 19.7044%;\" scope=\"col\" data-sheets-value=\"{\">lb\/ft<sup>3<\/sup><\/th>\n<th style=\"width: 20.6897%;\" scope=\"col\" data-sheets-value=\"{\">g\/cm<sup>3<\/sup><\/th>\n<\/tr>\n<\/thead>\n<tbody>\n<tr>\n<td style=\"width: 59.1133%; text-align: left;\" data-sheets-value=\"{\">Mandelmehl<\/td>\n<td style=\"width: 19.7044%; text-align: left;\" data-sheets-value=\"{\">68<\/td>\n<td style=\"width: 20.6897%;\" data-sheets-value=\"{\">1,09<\/td> kg\n<\/tr>\n<tr>\n<td style=\"width: 59.1133%;\" data-sheets-value=\"{\">Mandeln<\/td>\n<td style=\"width: 19.7044%;\" data-sheets-value=\"{\">Nr. 49<\/td>\n<td style=\"width: 20.6897%;\" data-sheets-value=\"{\">0,78<\/td> kg\n<\/tr>\n<tr>\n<td style=\"width: 59.1133%;\" data-sheets-value=\"{\">Mandeln, blanchiert<\/td>\n<td style=\"width: 19.7044%;\" data-sheets-value=\"{\">42<\/td>\n<td style=\"width: 20.6897%;\" data-sheets-value=\"{\">0,67<\/td> kg\n<\/tr>\n<tr>\n<td style=\"width: 59.1133%;\" data-sheets-value=\"{\">Mandeln, blanchiert &amp; in<\/td>\n Scheiben geschnitten<td style=\"width: 19.7044%;\" data-sheets-value=\"{\">27<\/td>\n<td style=\"width: 20.6897%;\" data-sheets-value=\"{\">0,44<\/td> kg\n<\/tr>\n<tr>\n<td style=\"width: 59.1133%;\" data-sheets-value=\"{\">Gemahlene Mandeln<\/td>\n<td style=\"width: 19.7044%;\" data-sheets-value=\"{\">22<\/td>\n<td style=\"width: 20.6897%;\" data-sheets-value=\"{\">0,35<\/td> kg\n<\/tr>\n<tr>\n<td style=\"width: 59.1133%;\" data-sheets-value=\"{\">In Scheiben geschnittene Mandeln<\/td>\n<td style=\"width: 19.7044%;\" data-sheets-value=\"{\">Nr. 50<\/td>\n<td style=\"width: 20.6897%;\" data-sheets-value=\"{\">0<\/td>\n<\/tr>\n<\/tbody>\n<\/table>\n<\/div>\n\n\n\n<div class=\"wp-block-column is-layout-flow wp-block-column-is-layout-flow\" style=\"flex-basis:33.33%\"><\/div>\n<\/div>\n\n\t<\/div>\n<\/div>\n\n\n\n<div class=\"col-12 col-md-3 col-lg-3 col-xl-3\">\n\t<div class=\"\">\n\t\t\n\n<h3 class=\"has-text-align-left Pageblock-subtitle pt-20 wp-block-heading\">Bitten Sie einen Vertriebsingenieur, sich mit Ihnen in Verbindung zu setzen.<\/h3>\n\n\n<div class=\"wp-bootstrap-blocks-button\">\n\t<a href=\"http:\/\/www.mpechicago.com\/de\/contact-us\" class=\"btn btn-primary\">\n\t\tContact Us\t<\/a>\n<\/div>\n\n\n\n<div style=\"height:40px\" aria-hidden=\"true\" class=\"wp-block-spacer\"><\/div>\n\n\n\n<figure class=\"wp-block-image size-large videoicon sm\"><a href=\"https:\/\/www.youtube.com\/watch?v=f2xlayUuvOE\"><img fetchpriority=\"high\" decoding=\"async\" width=\"360\" height=\"200\" src=\"http:\/\/www.mpechicago.com\/wp-content\/uploads\/2019\/12\/almonds-wallpaper-38818-39706-hd-wallpapers.jpg\" alt=\"\" class=\"wp-image-3042\"\/><\/a><figcaption>Chain-Vey zur F\u00f6rderung von Mandeln<\/figcaption><\/figure>\n\n\t<\/div>\n<\/div>\n\n\t<\/div>\n<\/div>\n\n<div style=\"height:100px\" aria-hidden=\"true\" class=\"wp-block-spacer\"><\/div>\n<div class=\"wp-bootstrap-blocks-row\">\n\t<div class=\"row no-gutters\">\n\t\t\n\n<div class=\"col-12 col-md-6\">\n\t<div class=\"\">\n\t\t\n\n<figure class=\"wp-block-image size-large\"><img decoding=\"async\" width=\"700\" height=\"500\" src=\"http:\/\/www.mpechicago.com\/wp-content\/uploads\/2019\/12\/Z-System.jpg\" alt=\"\" class=\"wp-image-3049\" srcset=\"https:\/\/www.mpechicago.com\/wp-content\/uploads\/2019\/12\/Z-System.jpg 700w, https:\/\/www.mpechicago.com\/wp-content\/uploads\/2019\/12\/Z-System-600x429.jpg 600w\" sizes=\"(max-width: 700px) 100vw, 700px\" \/><\/figure>\n\n\t<\/div>\n<\/div>\n\n\n\n<div class=\"col-12 col-md-6 Pageblock-textWrapper  \">\n\t<div class=\"\">\n\t\t\n\n<h2 class=\"text-uppercase wp-block-heading\">Transport von Mandeln<\/h2>\n\n\n\n<p>Von ganzen Mandeln bis hin zu Mandelmehl hat MPE den Chain-Vey als idealen F\u00f6rderer f\u00fcr Mandelverarbeiter entwickelt. Chain-Vey kann Ihre Mandeln in jeder Phase zu jedem Punkt transportieren, von der Annahme \u00fcber das Blanchieren und die Reinigung bis hin zu Ihren Mandelverpackungssystemen. Chain-Vey bietet eine rohrf\u00f6rmige, staubdichte Schleppf\u00f6rderung mit einer unzerbrechlichen Kette und einer robusten Auswahl an Optionen, die auf Ihre Bed\u00fcrfnisse zugeschnitten sind.  <\/p>\n\n\n<div class=\"wp-bootstrap-blocks-button\">\n\t<a href=\"http:\/\/www.mpechicago.com\/de\/chain-vey\" class=\"btn text-uppercase btn-primary\">\n\t\tSee our Almond conveyors\t<\/a>\n<\/div>\n\n\n\n<p>  <\/p>\n\n\t<\/div>\n<\/div>\n\n\t<\/div>\n<\/div>\n<div class=\"wp-bootstrap-blocks-row\">\n\t<div class=\"row no-gutters\">\n\t\t\n\n<div class=\"col-12 col-md-6 order-lg-1\">\n\t<div class=\"\">\n\t\t\n\n<figure class=\"wp-block-image size-large mb-0\"><img decoding=\"async\" width=\"700\" height=\"500\" src=\"http:\/\/www.mpechicago.com\/wp-content\/uploads\/2019\/12\/0.jpg\" alt=\"\" class=\"wp-image-3060\" srcset=\"https:\/\/www.mpechicago.com\/wp-content\/uploads\/2019\/12\/0.jpg 700w, https:\/\/www.mpechicago.com\/wp-content\/uploads\/2019\/12\/0-600x429.jpg 600w\" sizes=\"(max-width: 700px) 100vw, 700px\" \/><\/figure>\n\n\t<\/div>\n<\/div>\n\n\n\n<div class=\"col-12 col-md-6 Pageblock-textWrapper alignment-right\">\n\t<div class=\"\">\n\t\t\n\n<h2 class=\"text-uppercase wp-block-heading\">Hohe Kapazit\u00e4ten ohne Bruch<\/h2>\n\n\n\n<p>Chain-Vey hat sich aufgrund seines nahezu Nullproduktbruchs, seiner einfachen Reinigung, seiner branchenf\u00fchrenden Zuverl\u00e4ssigkeit und seines leisen, effizienten Betriebs zu einem der gefragtesten Mandelf\u00f6rderer entwickelt.<\/p>\n\n\n<div class=\"wp-bootstrap-blocks-button\">\n\t<a href=\"http:\/\/www.mpechicago.com\/de\/chain-vey\/layouts-and-designs#z_system\" class=\"btn text-uppercase btn-primary\">\n\t\tFind your conveyor design\t<\/a>\n<\/div>\n\n\n\n<p><\/p>\n\n\t<\/div>\n<\/div>\n\n\t<\/div>\n<\/div>\n<div class=\"lazyblock-heading-and-link-1z7HoL almond-conveyor alignfull text- wp-block-lazyblock-heading-and-link\">\n   <div class=\"paragraph-content\">\n      \n<h3 class=\"Pageblock-subtitle\">\n      &quot;We&#8217;re getting near zero breakage.&quot;\n  <\/h3>\n<hr class=\"Pageblock-subtitleDecoration\">\n<p style=\"font-weight: 100;font-size: 26px;line-height: 1.38462;color:#9b9b9b; text-align: center;\"><strong> Sam Mirto, Ferris Coffee &amp; Nuts <\/strong><\/p> \n            <div class=\"field field--name-field-text field--type-text-long field-bundlefull-width-block field__item\"><p><a class=\"btn btn-primary btn-minwidth\" href=\"http:\/\/www.mpechicago.com\/de\/contact-us\">Contact Us<\/a><\/p>\n<\/div>\n      \n    <\/div><\/div><div class=\"wp-bootstrap-blocks-row\">\n\t<div class=\"row no-gutters\">\n\t\t\n\n<div class=\"col-12 col-md-6\">\n\t<div class=\"\">\n\t\t\n\n<div class=\"wp-block-image\"><figure class=\"aligncenter size-large\"><img loading=\"lazy\" decoding=\"async\" width=\"700\" height=\"500\" src=\"http:\/\/www.mpechicago.com\/wp-content\/uploads\/2019\/12\/Salt-System.jpg\" alt=\"\" class=\"wp-image-3067\" srcset=\"https:\/\/www.mpechicago.com\/wp-content\/uploads\/2019\/12\/Salt-System.jpg 700w, https:\/\/www.mpechicago.com\/wp-content\/uploads\/2019\/12\/Salt-System-600x429.jpg 600w\" sizes=\"(max-width: 700px) 100vw, 700px\" \/><\/figure><\/div>\n\n\t<\/div>\n<\/div>\n\n\n\n<div class=\"col-12 col-md-6 Pageblock-textWrapper \">\n\t<div class=\"\">\n\t\t\n\n<h2 class=\"text-uppercase wp-block-heading\">Almond System Ausr\u00fcstung und Designs<\/h2>\n\n\n\n<p>Manchmal ben\u00f6tigen Mandelproduzenten einzigartige Systeme, bei denen nur MPE \u00fcber die Expertise und das Design-Know-how verf\u00fcgt, um es gleich beim ersten Mal richtig zu machen. Vom Entladen \u00fcber das Blanchieren bis hin zur Verpackung \u2013 von der Aufr\u00fcstung der Ausr\u00fcstung bis hin zu Greenfield-Projekten \u2013 MPE ist Ihr Partner, der die besten kundenspezifischen Prozesssysteme der Welt entwickelt. <\/p>\n\n\n<div class=\"wp-bootstrap-blocks-button\">\n\t<a href=\"http:\/\/www.mpechicago.com\/de\/process-systems-integration\/\" class=\"btn text-uppercase btn-primary\">\n\t\tSee Process Design Capabilities\t<\/a>\n<\/div>\n\n\t<\/div>\n<\/div>\n\n\t<\/div>\n<\/div>\n<div class=\"wp-bootstrap-blocks-row\">\n\t<div class=\"row no-gutters\">\n\t\t\n\n<div class=\"col-12 col-md-6 order-lg-1\">\n\t<div class=\"\">\n\t\t\n\n<div class=\"wp-block-image mb-0\"><figure class=\"aligncenter size-large\"><img loading=\"lazy\" decoding=\"async\" width=\"700\" height=\"500\" src=\"http:\/\/www.mpechicago.com\/wp-content\/uploads\/2019\/12\/Cleaned-up-700x500-2.jpg\" alt=\"\" class=\"wp-image-3070\" srcset=\"https:\/\/www.mpechicago.com\/wp-content\/uploads\/2019\/12\/Cleaned-up-700x500-2.jpg 700w, https:\/\/www.mpechicago.com\/wp-content\/uploads\/2019\/12\/Cleaned-up-700x500-2-600x429.jpg 600w\" sizes=\"(max-width: 700px) 100vw, 700px\" \/><\/figure><\/div>\n\n\t<\/div>\n<\/div>\n\n\n\n<div class=\"col-12 col-md-6 Pageblock-textWrapper alignment-right\">\n\t<div class=\"\">\n\t\t\n\n<h2 class=\"text-uppercase wp-block-heading\">Produktpr\u00fcfung am MPE  <\/h2>\n\n\n\n<p>Senden Sie uns Muster Ihrer Anwendung f\u00fcr die F\u00f6rderpr\u00fcfung in unserem Labor. Erhalten Sie genaue Ergebnisse mit den brucharmen F\u00f6rderf\u00e4higkeiten von MPE-Ger\u00e4ten und -Konstruktionen. <\/p>\n\n\n<div class=\"wp-bootstrap-blocks-button\">\n\t<a href=\"http:\/\/www.mpechicago.com\/de\/about-modern-process-equipment-corporation\/testing-lab-mpe\/\" class=\"btn text-uppercase btn-primary\">\n\t\tMPE&#039;s testing capabilities\t<\/a>\n<\/div>\n\n\n\n<p><\/p>\n\n\t<\/div>\n<\/div>\n\n\t<\/div>\n<\/div>\n","protected":false},"excerpt":{"rendered":"","protected":false},"author":20,"featured_media":20604,"parent":0,"menu_order":0,"comment_status":"closed","ping_status":"closed","template":"","meta":{"_acf_changed":false,"content-type":"","rs_blank_template":"","rs_page_bg_color":"","slide_template_v7":"","footnotes":""},"class_list":["post-26744","page","type-page","status-publish","has-post-thumbnail","hentry"],"acf":[],"yoast_head":"<!-- This site is optimized with the Yoast SEO plugin v27.4 - https:\/\/yoast.com\/product\/yoast-seo-wordpress\/ -->\n<title>Mandelf\u00f6rderer - Moderne Prozessanlagen<\/title>\n<meta name=\"description\" content=\"Von ganzen Mandeln bis hin zu Mandelmehl haben die MPE-Ingenieure mit Mandelprodukten in Sch\u00fcttdichten von 22 bis 68 lb\/ft3 gearbeitet. Mandelverarbeiter verlassen sich jeden Tag auf Chain-Vey, um ihre Produkte von der Rohmandelaufnahme bis hin zu den Mandelverpackungsanlagen zu transportieren. Wie bei allen Anwendungen f\u00fcr die Konstruktion von F\u00f6rder- oder Prozesssystemen kann MPE Ihre Anwendung testen, um ma\u00dfgeschneiderte L\u00f6sungen f\u00fcr Sie zu entwickeln.\" \/>\n<meta name=\"robots\" content=\"index, follow, max-snippet:-1, max-image-preview:large, max-video-preview:-1\" \/>\n<link rel=\"canonical\" href=\"https:\/\/www.mpechicago.com\/de\/mandel-foerderband\/\" \/>\n<meta property=\"og:locale\" content=\"de_DE\" \/>\n<meta property=\"og:type\" content=\"article\" \/>\n<meta property=\"og:title\" content=\"Mandelf\u00f6rderer - Moderne Prozessanlagen\" \/>\n<meta property=\"og:description\" content=\"Von ganzen Mandeln bis hin zu Mandelmehl haben die MPE-Ingenieure mit Mandelprodukten in Sch\u00fcttdichten von 22 bis 68 lb\/ft3 gearbeitet. Mandelverarbeiter verlassen sich jeden Tag auf Chain-Vey, um ihre Produkte von der Rohmandelaufnahme bis hin zu den Mandelverpackungsanlagen zu transportieren. Wie bei allen Anwendungen f\u00fcr die Konstruktion von F\u00f6rder- oder Prozesssystemen kann MPE Ihre Anwendung testen, um ma\u00dfgeschneiderte L\u00f6sungen f\u00fcr Sie zu entwickeln.\" \/>\n<meta property=\"og:url\" content=\"https:\/\/www.mpechicago.com\/de\/mandel-foerderband\/\" \/>\n<meta property=\"og:site_name\" content=\"Moderne Prozessanlagen\" \/>\n<meta property=\"article:modified_time\" content=\"2025-05-02T04:10:33+00:00\" \/>\n<meta property=\"og:image\" content=\"https:\/\/www.mpechicago.com\/wp-content\/uploads\/2019\/12\/Almond-1600x250-1.jpg\" \/>\n\t<meta property=\"og:image:width\" content=\"1600\" \/>\n\t<meta property=\"og:image:height\" content=\"250\" \/>\n\t<meta property=\"og:image:type\" content=\"image\/jpeg\" \/>\n<meta name=\"twitter:card\" content=\"summary_large_image\" \/>\n<meta name=\"twitter:label1\" content=\"Gesch\u00e4tzte Lesezeit\" \/>\n\t<meta name=\"twitter:data1\" content=\"2 Minuten\" \/>\n<script type=\"application\/ld+json\" class=\"yoast-schema-graph\">{\"@context\":\"https:\\\/\\\/schema.org\",\"@graph\":[{\"@type\":\"WebPage\",\"@id\":\"https:\\\/\\\/www.mpechicago.com\\\/de\\\/mandel-foerderband\\\/\",\"url\":\"https:\\\/\\\/www.mpechicago.com\\\/de\\\/mandel-foerderband\\\/\",\"name\":\"Mandelf\u00f6rderer - Moderne Prozessanlagen\",\"isPartOf\":{\"@id\":\"https:\\\/\\\/www.mpechicago.com\\\/de\\\/#website\"},\"primaryImageOfPage\":{\"@id\":\"https:\\\/\\\/www.mpechicago.com\\\/de\\\/mandel-foerderband\\\/#primaryimage\"},\"image\":{\"@id\":\"https:\\\/\\\/www.mpechicago.com\\\/de\\\/mandel-foerderband\\\/#primaryimage\"},\"thumbnailUrl\":\"https:\\\/\\\/www.mpechicago.com\\\/wp-content\\\/uploads\\\/2019\\\/12\\\/Almond-1600x250-1.jpg\",\"datePublished\":\"2019-12-20T11:28:31+00:00\",\"dateModified\":\"2025-05-02T04:10:33+00:00\",\"description\":\"Von ganzen Mandeln bis hin zu Mandelmehl haben die MPE-Ingenieure mit Mandelprodukten in Sch\u00fcttdichten von 22 bis 68 lb\\\/ft3 gearbeitet. Mandelverarbeiter verlassen sich jeden Tag auf Chain-Vey, um ihre Produkte von der Rohmandelaufnahme bis hin zu den Mandelverpackungsanlagen zu transportieren. Wie bei allen Anwendungen f\u00fcr die Konstruktion von F\u00f6rder- oder Prozesssystemen kann MPE Ihre Anwendung testen, um ma\u00dfgeschneiderte L\u00f6sungen f\u00fcr Sie zu entwickeln.\",\"breadcrumb\":{\"@id\":\"https:\\\/\\\/www.mpechicago.com\\\/de\\\/mandel-foerderband\\\/#breadcrumb\"},\"inLanguage\":\"de\",\"potentialAction\":[{\"@type\":\"ReadAction\",\"target\":[\"https:\\\/\\\/www.mpechicago.com\\\/de\\\/mandel-foerderband\\\/\"]}]},{\"@type\":\"ImageObject\",\"inLanguage\":\"de\",\"@id\":\"https:\\\/\\\/www.mpechicago.com\\\/de\\\/mandel-foerderband\\\/#primaryimage\",\"url\":\"https:\\\/\\\/www.mpechicago.com\\\/wp-content\\\/uploads\\\/2019\\\/12\\\/Almond-1600x250-1.jpg\",\"contentUrl\":\"https:\\\/\\\/www.mpechicago.com\\\/wp-content\\\/uploads\\\/2019\\\/12\\\/Almond-1600x250-1.jpg\",\"width\":1600,\"height\":250},{\"@type\":\"BreadcrumbList\",\"@id\":\"https:\\\/\\\/www.mpechicago.com\\\/de\\\/mandel-foerderband\\\/#breadcrumb\",\"itemListElement\":[{\"@type\":\"ListItem\",\"position\":1,\"name\":\"Heim\",\"item\":\"https:\\\/\\\/www.mpechicago.com\\\/de\\\/\"},{\"@type\":\"ListItem\",\"position\":2,\"name\":\"Mandel-F\u00f6rderband\"}]},{\"@type\":\"WebSite\",\"@id\":\"https:\\\/\\\/www.mpechicago.com\\\/de\\\/#website\",\"url\":\"https:\\\/\\\/www.mpechicago.com\\\/de\\\/\",\"name\":\"Moderne Prozessanlagen\",\"description\":\"\",\"publisher\":{\"@id\":\"https:\\\/\\\/www.mpechicago.com\\\/de\\\/#organization\"},\"potentialAction\":[{\"@type\":\"SearchAction\",\"target\":{\"@type\":\"EntryPoint\",\"urlTemplate\":\"https:\\\/\\\/www.mpechicago.com\\\/de\\\/?s={search_term_string}\"},\"query-input\":{\"@type\":\"PropertyValueSpecification\",\"valueRequired\":true,\"valueName\":\"search_term_string\"}}],\"inLanguage\":\"de\"},{\"@type\":\"Organization\",\"@id\":\"https:\\\/\\\/www.mpechicago.com\\\/de\\\/#organization\",\"name\":\"Moderne Prozessanlagen\",\"url\":\"https:\\\/\\\/www.mpechicago.com\\\/de\\\/\",\"logo\":{\"@type\":\"ImageObject\",\"inLanguage\":\"de\",\"@id\":\"https:\\\/\\\/www.mpechicago.com\\\/de\\\/#\\\/schema\\\/logo\\\/image\\\/\",\"url\":\"https:\\\/\\\/www.mpechicago.com\\\/wp-content\\\/uploads\\\/2019\\\/12\\\/logo.png\",\"contentUrl\":\"https:\\\/\\\/www.mpechicago.com\\\/wp-content\\\/uploads\\\/2019\\\/12\\\/logo.png\",\"width\":200,\"height\":91,\"caption\":\"Moderne Prozessanlagen\"},\"image\":{\"@id\":\"https:\\\/\\\/www.mpechicago.com\\\/de\\\/#\\\/schema\\\/logo\\\/image\\\/\"}}]}<\/script>\n<!-- \/ Yoast SEO plugin. -->","yoast_head_json":{"title":"Mandelf\u00f6rderer - Moderne Prozessanlagen","description":"Von ganzen Mandeln bis hin zu Mandelmehl haben die MPE-Ingenieure mit Mandelprodukten in Sch\u00fcttdichten von 22 bis 68 lb\/ft3 gearbeitet. Mandelverarbeiter verlassen sich jeden Tag auf Chain-Vey, um ihre Produkte von der Rohmandelaufnahme bis hin zu den Mandelverpackungsanlagen zu transportieren. Wie bei allen Anwendungen f\u00fcr die Konstruktion von F\u00f6rder- oder Prozesssystemen kann MPE Ihre Anwendung testen, um ma\u00dfgeschneiderte L\u00f6sungen f\u00fcr Sie zu entwickeln.","robots":{"index":"index","follow":"follow","max-snippet":"max-snippet:-1","max-image-preview":"max-image-preview:large","max-video-preview":"max-video-preview:-1"},"canonical":"https:\/\/www.mpechicago.com\/de\/mandel-foerderband\/","og_locale":"de_DE","og_type":"article","og_title":"Mandelf\u00f6rderer - Moderne Prozessanlagen","og_description":"Von ganzen Mandeln bis hin zu Mandelmehl haben die MPE-Ingenieure mit Mandelprodukten in Sch\u00fcttdichten von 22 bis 68 lb\/ft3 gearbeitet. Mandelverarbeiter verlassen sich jeden Tag auf Chain-Vey, um ihre Produkte von der Rohmandelaufnahme bis hin zu den Mandelverpackungsanlagen zu transportieren. Wie bei allen Anwendungen f\u00fcr die Konstruktion von F\u00f6rder- oder Prozesssystemen kann MPE Ihre Anwendung testen, um ma\u00dfgeschneiderte L\u00f6sungen f\u00fcr Sie zu entwickeln.","og_url":"https:\/\/www.mpechicago.com\/de\/mandel-foerderband\/","og_site_name":"Moderne Prozessanlagen","article_modified_time":"2025-05-02T04:10:33+00:00","og_image":[{"width":1600,"height":250,"url":"https:\/\/www.mpechicago.com\/wp-content\/uploads\/2019\/12\/Almond-1600x250-1.jpg","type":"image\/jpeg"}],"twitter_card":"summary_large_image","twitter_misc":{"Gesch\u00e4tzte Lesezeit":"2 Minuten"},"schema":{"@context":"https:\/\/schema.org","@graph":[{"@type":"WebPage","@id":"https:\/\/www.mpechicago.com\/de\/mandel-foerderband\/","url":"https:\/\/www.mpechicago.com\/de\/mandel-foerderband\/","name":"Mandelf\u00f6rderer - Moderne Prozessanlagen","isPartOf":{"@id":"https:\/\/www.mpechicago.com\/de\/#website"},"primaryImageOfPage":{"@id":"https:\/\/www.mpechicago.com\/de\/mandel-foerderband\/#primaryimage"},"image":{"@id":"https:\/\/www.mpechicago.com\/de\/mandel-foerderband\/#primaryimage"},"thumbnailUrl":"https:\/\/www.mpechicago.com\/wp-content\/uploads\/2019\/12\/Almond-1600x250-1.jpg","datePublished":"2019-12-20T11:28:31+00:00","dateModified":"2025-05-02T04:10:33+00:00","description":"Von ganzen Mandeln bis hin zu Mandelmehl haben die MPE-Ingenieure mit Mandelprodukten in Sch\u00fcttdichten von 22 bis 68 lb\/ft3 gearbeitet. Mandelverarbeiter verlassen sich jeden Tag auf Chain-Vey, um ihre Produkte von der Rohmandelaufnahme bis hin zu den Mandelverpackungsanlagen zu transportieren. Wie bei allen Anwendungen f\u00fcr die Konstruktion von F\u00f6rder- oder Prozesssystemen kann MPE Ihre Anwendung testen, um ma\u00dfgeschneiderte L\u00f6sungen f\u00fcr Sie zu entwickeln.","breadcrumb":{"@id":"https:\/\/www.mpechicago.com\/de\/mandel-foerderband\/#breadcrumb"},"inLanguage":"de","potentialAction":[{"@type":"ReadAction","target":["https:\/\/www.mpechicago.com\/de\/mandel-foerderband\/"]}]},{"@type":"ImageObject","inLanguage":"de","@id":"https:\/\/www.mpechicago.com\/de\/mandel-foerderband\/#primaryimage","url":"https:\/\/www.mpechicago.com\/wp-content\/uploads\/2019\/12\/Almond-1600x250-1.jpg","contentUrl":"https:\/\/www.mpechicago.com\/wp-content\/uploads\/2019\/12\/Almond-1600x250-1.jpg","width":1600,"height":250},{"@type":"BreadcrumbList","@id":"https:\/\/www.mpechicago.com\/de\/mandel-foerderband\/#breadcrumb","itemListElement":[{"@type":"ListItem","position":1,"name":"Heim","item":"https:\/\/www.mpechicago.com\/de\/"},{"@type":"ListItem","position":2,"name":"Mandel-F\u00f6rderband"}]},{"@type":"WebSite","@id":"https:\/\/www.mpechicago.com\/de\/#website","url":"https:\/\/www.mpechicago.com\/de\/","name":"Moderne Prozessanlagen","description":"","publisher":{"@id":"https:\/\/www.mpechicago.com\/de\/#organization"},"potentialAction":[{"@type":"SearchAction","target":{"@type":"EntryPoint","urlTemplate":"https:\/\/www.mpechicago.com\/de\/?s={search_term_string}"},"query-input":{"@type":"PropertyValueSpecification","valueRequired":true,"valueName":"search_term_string"}}],"inLanguage":"de"},{"@type":"Organization","@id":"https:\/\/www.mpechicago.com\/de\/#organization","name":"Moderne Prozessanlagen","url":"https:\/\/www.mpechicago.com\/de\/","logo":{"@type":"ImageObject","inLanguage":"de","@id":"https:\/\/www.mpechicago.com\/de\/#\/schema\/logo\/image\/","url":"https:\/\/www.mpechicago.com\/wp-content\/uploads\/2019\/12\/logo.png","contentUrl":"https:\/\/www.mpechicago.com\/wp-content\/uploads\/2019\/12\/logo.png","width":200,"height":91,"caption":"Moderne Prozessanlagen"},"image":{"@id":"https:\/\/www.mpechicago.com\/de\/#\/schema\/logo\/image\/"}}]}},"_links":{"self":[{"href":"https:\/\/www.mpechicago.com\/de\/wp-json\/wp\/v2\/pages\/26744","targetHints":{"allow":["GET"]}}],"collection":[{"href":"https:\/\/www.mpechicago.com\/de\/wp-json\/wp\/v2\/pages"}],"about":[{"href":"https:\/\/www.mpechicago.com\/de\/wp-json\/wp\/v2\/types\/page"}],"author":[{"embeddable":true,"href":"https:\/\/www.mpechicago.com\/de\/wp-json\/wp\/v2\/users\/20"}],"replies":[{"embeddable":true,"href":"https:\/\/www.mpechicago.com\/de\/wp-json\/wp\/v2\/comments?post=26744"}],"version-history":[{"count":1,"href":"https:\/\/www.mpechicago.com\/de\/wp-json\/wp\/v2\/pages\/26744\/revisions"}],"predecessor-version":[{"id":26747,"href":"https:\/\/www.mpechicago.com\/de\/wp-json\/wp\/v2\/pages\/26744\/revisions\/26747"}],"wp:featuredmedia":[{"embeddable":true,"href":"https:\/\/www.mpechicago.com\/de\/wp-json\/wp\/v2\/media\/20604"}],"wp:attachment":[{"href":"https:\/\/www.mpechicago.com\/de\/wp-json\/wp\/v2\/media?parent=26744"}],"curies":[{"name":"wp","href":"https:\/\/api.w.org\/{rel}","templated":true}]}}