{"id":26702,"date":"2019-12-16T06:41:47","date_gmt":"2019-12-16T12:41:47","guid":{"rendered":"https:\/\/www.mpechicago.com\/ketten-vey-rohrschlepper\/kapazitaeten\/5-oder-127-mm-rohrfoerderer\/"},"modified":"2025-05-01T23:10:16","modified_gmt":"2025-05-02T04:10:16","slug":"5-oder-127-mm-rohrfoerderer","status":"publish","type":"page","link":"https:\/\/www.mpechicago.com\/de\/ketten-vey-rohrschlepper\/entwirft\/kapazitaeten\/5-oder-127-mm-rohrfoerderer\/","title":{"rendered":"5&#8243; oder 127 mm Rohrf\u00f6rderer"},"content":{"rendered":"<div class=\"wp-bootstrap-blocks-row\">\n\t<div class=\"row\">\n\t\t\n\n<div class=\"col-12 col-md-2 col-lg-2 col-xl-2\">\n\t<div class=\"\">\n\t\t\n\n\n\t<\/div>\n<\/div>\n\n\n\n<div class=\"col-12 col-md-7 col-lg-7 col-xl-7 left-panel\">\n\t<div class=\"\">\n\t\t\n\n<h1 class=\"page-title pt-20 wp-block-heading\">5&#8243; oder 127 mm Rohrkettenf\u00f6rderer<\/h1>\n\n\n\n<p class=\"intro has-text-color\" style=\"color:#e9b516\">Bis zu 1.000 ft<sup>3<\/sup>\/h oder 28 m<sup>3<\/sup>\/h<\/p>\n\n\n\n<p>Rohrkettenf\u00f6rderer mit einem Durchmesser von 5&#8243; oder 127 mm werden aus Edelstahlrohren des Typs Schedule 10 mit einem Innendurchmesser von 5&#8243; oder 127 mm hergestellt. Sie sind beliebt f\u00fcr den Transport von Tierfutter, Fr\u00fchst\u00fccksflocken, Erdn\u00fcssen in der Schale, ganzen Waln\u00fcssen und Cashewn\u00fcssen. Ein einziges F\u00f6rderband mit einem Durchmesser von 5 Zoll kann in einer Stunde Produkt im Wert von 25 Supers\u00e4cken transportieren. Die St\u00e4rke von Chain-Vey erm\u00f6glicht sehr lange L\u00e4ufe, hohe Vertikalen und die F\u00e4higkeit, aus vollen Lasten zu starten, ohne dass die Gefahr besteht, dass die Kette rei\u00dft. Die Sanftheit von Rohrkettenf\u00f6rderern bedeutet, dass Ihr Produkt w\u00e4hrend des Transports nicht bricht.    <\/p>\n\n\n\n<hr class=\"wp-block-separator\"\/>\n\n\n\n<h3 class=\"wp-block-heading\">F\u00f6rderpreise  <\/h3>\n\n\n\n<figure class=\"wp-block-image size-large\"><img fetchpriority=\"high\" decoding=\"async\" width=\"1024\" height=\"744\" src=\"http:\/\/www.mpechicago.com\/wp-content\/uploads\/2019\/12\/Drag-Conveyor-Capacities-Graph-8-1_3-1024x744.png\" alt=\"\" class=\"wp-image-1199\" srcset=\"https:\/\/www.mpechicago.com\/wp-content\/uploads\/2019\/12\/Drag-Conveyor-Capacities-Graph-8-1_3-1024x744.png 1024w, https:\/\/www.mpechicago.com\/wp-content\/uploads\/2019\/12\/Drag-Conveyor-Capacities-Graph-8-1_3-600x436.png 600w, https:\/\/www.mpechicago.com\/wp-content\/uploads\/2019\/12\/Drag-Conveyor-Capacities-Graph-8-1_3-768x558.png 768w, https:\/\/www.mpechicago.com\/wp-content\/uploads\/2019\/12\/Drag-Conveyor-Capacities-Graph-8-1_3-1536x1115.png 1536w, https:\/\/www.mpechicago.com\/wp-content\/uploads\/2019\/12\/Drag-Conveyor-Capacities-Graph-8-1_3-1200x871.png 1200w, https:\/\/www.mpechicago.com\/wp-content\/uploads\/2019\/12\/Drag-Conveyor-Capacities-Graph-8-1_3.png 1592w\" sizes=\"(max-width: 1024px) 100vw, 1024px\" \/><figcaption>F\u00f6rderer mit einem Durchmesser von 3&#8243; bis 8&#8243; werden mit der F\u00f6rdergeschwindigkeit (%) auf der x-Achse und dem bewegten Gesamtvolumen (ft3\/h) auf der y-Achse grafisch dargestellt. Alle Daten werden bei 80 % Taschenf\u00fcllung grafisch dargestellt. <\/figcaption><\/figure>\n\n\t<\/div>\n<\/div>\n\n\n\n<div class=\"col-12 col-md-3 col-lg-3 col-xl-3 right-panel\">\n\t<div class=\"\">\n\t\t\n\n<h3 class=\"has-text-align-left Pageblock-subtitle pt-20 wp-block-heading\">Bewegen Sie 25 Supers\u00e4cke in einer Stunde mit einem Rohrkettenf\u00f6rderer<\/h3>\n\n\n\n<figure class=\"wp-block-image size-large\"><img decoding=\"async\" width=\"1000\" height=\"731\" src=\"http:\/\/www.mpechicago.com\/wp-content\/uploads\/2019\/12\/5-inch-Diameter-Drag-Conveyor-Capacity-Rate.png\" alt=\"\" class=\"wp-image-1333\" srcset=\"https:\/\/www.mpechicago.com\/wp-content\/uploads\/2019\/12\/5-inch-Diameter-Drag-Conveyor-Capacity-Rate.png 1000w, https:\/\/www.mpechicago.com\/wp-content\/uploads\/2019\/12\/5-inch-Diameter-Drag-Conveyor-Capacity-Rate-600x439.png 600w, https:\/\/www.mpechicago.com\/wp-content\/uploads\/2019\/12\/5-inch-Diameter-Drag-Conveyor-Capacity-Rate-768x561.png 768w\" sizes=\"(max-width: 1000px) 100vw, 1000px\" \/><\/figure>\n\n\n\n<p>Jeder dargestellte Supersack ist 40 ft<sup>3<\/sup>, was 1,13 m<sup>3<\/sup> \u2248entspricht.<\/p>\n\n\t<\/div>\n<\/div>\n\n\t<\/div>\n<\/div>\n","protected":false},"excerpt":{"rendered":"","protected":false},"author":20,"featured_media":18284,"parent":26518,"menu_order":0,"comment_status":"closed","ping_status":"closed","template":"","meta":{"_acf_changed":false,"content-type":"","rs_blank_template":"","rs_page_bg_color":"","slide_template_v7":"","footnotes":""},"class_list":["post-26702","page","type-page","status-publish","has-post-thumbnail","hentry"],"acf":[],"yoast_head":"<!-- This site is optimized with the Yoast SEO plugin v27.3 - https:\/\/yoast.com\/product\/yoast-seo-wordpress\/ -->\n<title>Rohrkettenf\u00f6rderer mit 5&quot; oder 127 mm Durchmesser- Moderne Prozessanlagen<\/title>\n<meta name=\"description\" content=\"Der Rohrkettenf\u00f6rderer mit einem Durchmesser von 5 Zoll oder 127 mm bewegt sich bis zu 1.000 ft3\/h oder 28 m3\/h schonend, ohne zu brechen oder die Produktintegrit\u00e4t zu beeintr\u00e4chtigen.\" \/>\n<meta name=\"robots\" content=\"index, follow, max-snippet:-1, max-image-preview:large, max-video-preview:-1\" \/>\n<link rel=\"canonical\" href=\"https:\/\/www.mpechicago.com\/de\/ketten-vey-rohrschlepper\/entwirft\/kapazitaeten\/5-oder-127-mm-rohrfoerderer\/\" \/>\n<meta property=\"og:locale\" content=\"de_DE\" \/>\n<meta property=\"og:type\" content=\"article\" \/>\n<meta property=\"og:title\" content=\"Rohrkettenf\u00f6rderer mit 5&quot; oder 127 mm Durchmesser- Moderne Prozessanlagen\" \/>\n<meta property=\"og:description\" content=\"Der Rohrkettenf\u00f6rderer mit einem Durchmesser von 5 Zoll oder 127 mm bewegt sich bis zu 1.000 ft3\/h oder 28 m3\/h schonend, ohne zu brechen oder die Produktintegrit\u00e4t zu beeintr\u00e4chtigen.\" \/>\n<meta property=\"og:url\" content=\"https:\/\/www.mpechicago.com\/de\/ketten-vey-rohrschlepper\/entwirft\/kapazitaeten\/5-oder-127-mm-rohrfoerderer\/\" \/>\n<meta property=\"og:site_name\" content=\"Moderne Prozessanlagen\" \/>\n<meta property=\"article:modified_time\" content=\"2025-05-02T04:10:16+00:00\" \/>\n<meta property=\"og:image\" content=\"https:\/\/www.mpechicago.com\/wp-content\/uploads\/2019\/12\/Tube-Chain-Conveyor-Header_2.jpg\" \/>\n\t<meta property=\"og:image:width\" content=\"1900\" \/>\n\t<meta property=\"og:image:height\" content=\"297\" \/>\n\t<meta property=\"og:image:type\" content=\"image\/jpeg\" \/>\n<meta name=\"twitter:card\" content=\"summary_large_image\" \/>\n<meta name=\"twitter:label1\" content=\"Gesch\u00e4tzte Lesezeit\" \/>\n\t<meta name=\"twitter:data1\" content=\"1\u00a0Minute\" \/>\n<script type=\"application\/ld+json\" class=\"yoast-schema-graph\">{\"@context\":\"https:\\\/\\\/schema.org\",\"@graph\":[{\"@type\":\"WebPage\",\"@id\":\"https:\\\/\\\/www.mpechicago.com\\\/de\\\/ketten-vey-rohrschlepper\\\/entwirft\\\/kapazitaeten\\\/5-oder-127-mm-rohrfoerderer\\\/\",\"url\":\"https:\\\/\\\/www.mpechicago.com\\\/de\\\/ketten-vey-rohrschlepper\\\/entwirft\\\/kapazitaeten\\\/5-oder-127-mm-rohrfoerderer\\\/\",\"name\":\"Rohrkettenf\u00f6rderer mit 5\\\" oder 127 mm Durchmesser- Moderne Prozessanlagen\",\"isPartOf\":{\"@id\":\"https:\\\/\\\/www.mpechicago.com\\\/de\\\/#website\"},\"primaryImageOfPage\":{\"@id\":\"https:\\\/\\\/www.mpechicago.com\\\/de\\\/ketten-vey-rohrschlepper\\\/entwirft\\\/kapazitaeten\\\/5-oder-127-mm-rohrfoerderer\\\/#primaryimage\"},\"image\":{\"@id\":\"https:\\\/\\\/www.mpechicago.com\\\/de\\\/ketten-vey-rohrschlepper\\\/entwirft\\\/kapazitaeten\\\/5-oder-127-mm-rohrfoerderer\\\/#primaryimage\"},\"thumbnailUrl\":\"https:\\\/\\\/www.mpechicago.com\\\/wp-content\\\/uploads\\\/2019\\\/12\\\/Tube-Chain-Conveyor-Header_2.jpg\",\"datePublished\":\"2019-12-16T12:41:47+00:00\",\"dateModified\":\"2025-05-02T04:10:16+00:00\",\"description\":\"Der Rohrkettenf\u00f6rderer mit einem Durchmesser von 5 Zoll oder 127 mm bewegt sich bis zu 1.000 ft3\\\/h oder 28 m3\\\/h schonend, ohne zu brechen oder die Produktintegrit\u00e4t zu beeintr\u00e4chtigen.\",\"breadcrumb\":{\"@id\":\"https:\\\/\\\/www.mpechicago.com\\\/de\\\/ketten-vey-rohrschlepper\\\/entwirft\\\/kapazitaeten\\\/5-oder-127-mm-rohrfoerderer\\\/#breadcrumb\"},\"inLanguage\":\"de\",\"potentialAction\":[{\"@type\":\"ReadAction\",\"target\":[\"https:\\\/\\\/www.mpechicago.com\\\/de\\\/ketten-vey-rohrschlepper\\\/entwirft\\\/kapazitaeten\\\/5-oder-127-mm-rohrfoerderer\\\/\"]}]},{\"@type\":\"ImageObject\",\"inLanguage\":\"de\",\"@id\":\"https:\\\/\\\/www.mpechicago.com\\\/de\\\/ketten-vey-rohrschlepper\\\/entwirft\\\/kapazitaeten\\\/5-oder-127-mm-rohrfoerderer\\\/#primaryimage\",\"url\":\"https:\\\/\\\/www.mpechicago.com\\\/wp-content\\\/uploads\\\/2019\\\/12\\\/Tube-Chain-Conveyor-Header_2.jpg\",\"contentUrl\":\"https:\\\/\\\/www.mpechicago.com\\\/wp-content\\\/uploads\\\/2019\\\/12\\\/Tube-Chain-Conveyor-Header_2.jpg\",\"width\":1900,\"height\":297},{\"@type\":\"BreadcrumbList\",\"@id\":\"https:\\\/\\\/www.mpechicago.com\\\/de\\\/ketten-vey-rohrschlepper\\\/entwirft\\\/kapazitaeten\\\/5-oder-127-mm-rohrfoerderer\\\/#breadcrumb\",\"itemListElement\":[{\"@type\":\"ListItem\",\"position\":1,\"name\":\"Heim\",\"item\":\"https:\\\/\\\/www.mpechicago.com\\\/de\\\/\"},{\"@type\":\"ListItem\",\"position\":2,\"name\":\"Ketten-Vey-Rohrschlepper\",\"item\":\"https:\\\/\\\/www.mpechicago.com\\\/de\\\/ketten-vey-rohrschlepper\\\/\"},{\"@type\":\"ListItem\",\"position\":3,\"name\":\"Kapazit\u00e4ten\",\"item\":\"https:\\\/\\\/www.mpechicago.com\\\/de\\\/ketten-vey-rohrschlepper\\\/kapazitaeten\\\/\"},{\"@type\":\"ListItem\",\"position\":4,\"name\":\"5&#8243; oder 127 mm Rohrf\u00f6rderer\"}]},{\"@type\":\"WebSite\",\"@id\":\"https:\\\/\\\/www.mpechicago.com\\\/de\\\/#website\",\"url\":\"https:\\\/\\\/www.mpechicago.com\\\/de\\\/\",\"name\":\"Moderne Prozessanlagen\",\"description\":\"\",\"publisher\":{\"@id\":\"https:\\\/\\\/www.mpechicago.com\\\/de\\\/#organization\"},\"potentialAction\":[{\"@type\":\"SearchAction\",\"target\":{\"@type\":\"EntryPoint\",\"urlTemplate\":\"https:\\\/\\\/www.mpechicago.com\\\/de\\\/?s={search_term_string}\"},\"query-input\":{\"@type\":\"PropertyValueSpecification\",\"valueRequired\":true,\"valueName\":\"search_term_string\"}}],\"inLanguage\":\"de\"},{\"@type\":\"Organization\",\"@id\":\"https:\\\/\\\/www.mpechicago.com\\\/de\\\/#organization\",\"name\":\"Moderne Prozessanlagen\",\"url\":\"https:\\\/\\\/www.mpechicago.com\\\/de\\\/\",\"logo\":{\"@type\":\"ImageObject\",\"inLanguage\":\"de\",\"@id\":\"https:\\\/\\\/www.mpechicago.com\\\/de\\\/#\\\/schema\\\/logo\\\/image\\\/\",\"url\":\"https:\\\/\\\/www.mpechicago.com\\\/wp-content\\\/uploads\\\/2019\\\/12\\\/logo.png\",\"contentUrl\":\"https:\\\/\\\/www.mpechicago.com\\\/wp-content\\\/uploads\\\/2019\\\/12\\\/logo.png\",\"width\":200,\"height\":91,\"caption\":\"Moderne Prozessanlagen\"},\"image\":{\"@id\":\"https:\\\/\\\/www.mpechicago.com\\\/de\\\/#\\\/schema\\\/logo\\\/image\\\/\"}}]}<\/script>\n<!-- \/ Yoast SEO plugin. -->","yoast_head_json":{"title":"Rohrkettenf\u00f6rderer mit 5\" oder 127 mm Durchmesser- Moderne Prozessanlagen","description":"Der Rohrkettenf\u00f6rderer mit einem Durchmesser von 5 Zoll oder 127 mm bewegt sich bis zu 1.000 ft3\/h oder 28 m3\/h schonend, ohne zu brechen oder die Produktintegrit\u00e4t zu beeintr\u00e4chtigen.","robots":{"index":"index","follow":"follow","max-snippet":"max-snippet:-1","max-image-preview":"max-image-preview:large","max-video-preview":"max-video-preview:-1"},"canonical":"https:\/\/www.mpechicago.com\/de\/ketten-vey-rohrschlepper\/entwirft\/kapazitaeten\/5-oder-127-mm-rohrfoerderer\/","og_locale":"de_DE","og_type":"article","og_title":"Rohrkettenf\u00f6rderer mit 5\" oder 127 mm Durchmesser- Moderne Prozessanlagen","og_description":"Der Rohrkettenf\u00f6rderer mit einem Durchmesser von 5 Zoll oder 127 mm bewegt sich bis zu 1.000 ft3\/h oder 28 m3\/h schonend, ohne zu brechen oder die Produktintegrit\u00e4t zu beeintr\u00e4chtigen.","og_url":"https:\/\/www.mpechicago.com\/de\/ketten-vey-rohrschlepper\/entwirft\/kapazitaeten\/5-oder-127-mm-rohrfoerderer\/","og_site_name":"Moderne Prozessanlagen","article_modified_time":"2025-05-02T04:10:16+00:00","og_image":[{"width":1900,"height":297,"url":"https:\/\/www.mpechicago.com\/wp-content\/uploads\/2019\/12\/Tube-Chain-Conveyor-Header_2.jpg","type":"image\/jpeg"}],"twitter_card":"summary_large_image","twitter_misc":{"Gesch\u00e4tzte Lesezeit":"1\u00a0Minute"},"schema":{"@context":"https:\/\/schema.org","@graph":[{"@type":"WebPage","@id":"https:\/\/www.mpechicago.com\/de\/ketten-vey-rohrschlepper\/entwirft\/kapazitaeten\/5-oder-127-mm-rohrfoerderer\/","url":"https:\/\/www.mpechicago.com\/de\/ketten-vey-rohrschlepper\/entwirft\/kapazitaeten\/5-oder-127-mm-rohrfoerderer\/","name":"Rohrkettenf\u00f6rderer mit 5\" oder 127 mm Durchmesser- Moderne Prozessanlagen","isPartOf":{"@id":"https:\/\/www.mpechicago.com\/de\/#website"},"primaryImageOfPage":{"@id":"https:\/\/www.mpechicago.com\/de\/ketten-vey-rohrschlepper\/entwirft\/kapazitaeten\/5-oder-127-mm-rohrfoerderer\/#primaryimage"},"image":{"@id":"https:\/\/www.mpechicago.com\/de\/ketten-vey-rohrschlepper\/entwirft\/kapazitaeten\/5-oder-127-mm-rohrfoerderer\/#primaryimage"},"thumbnailUrl":"https:\/\/www.mpechicago.com\/wp-content\/uploads\/2019\/12\/Tube-Chain-Conveyor-Header_2.jpg","datePublished":"2019-12-16T12:41:47+00:00","dateModified":"2025-05-02T04:10:16+00:00","description":"Der Rohrkettenf\u00f6rderer mit einem Durchmesser von 5 Zoll oder 127 mm bewegt sich bis zu 1.000 ft3\/h oder 28 m3\/h schonend, ohne zu brechen oder die Produktintegrit\u00e4t zu beeintr\u00e4chtigen.","breadcrumb":{"@id":"https:\/\/www.mpechicago.com\/de\/ketten-vey-rohrschlepper\/entwirft\/kapazitaeten\/5-oder-127-mm-rohrfoerderer\/#breadcrumb"},"inLanguage":"de","potentialAction":[{"@type":"ReadAction","target":["https:\/\/www.mpechicago.com\/de\/ketten-vey-rohrschlepper\/entwirft\/kapazitaeten\/5-oder-127-mm-rohrfoerderer\/"]}]},{"@type":"ImageObject","inLanguage":"de","@id":"https:\/\/www.mpechicago.com\/de\/ketten-vey-rohrschlepper\/entwirft\/kapazitaeten\/5-oder-127-mm-rohrfoerderer\/#primaryimage","url":"https:\/\/www.mpechicago.com\/wp-content\/uploads\/2019\/12\/Tube-Chain-Conveyor-Header_2.jpg","contentUrl":"https:\/\/www.mpechicago.com\/wp-content\/uploads\/2019\/12\/Tube-Chain-Conveyor-Header_2.jpg","width":1900,"height":297},{"@type":"BreadcrumbList","@id":"https:\/\/www.mpechicago.com\/de\/ketten-vey-rohrschlepper\/entwirft\/kapazitaeten\/5-oder-127-mm-rohrfoerderer\/#breadcrumb","itemListElement":[{"@type":"ListItem","position":1,"name":"Heim","item":"https:\/\/www.mpechicago.com\/de\/"},{"@type":"ListItem","position":2,"name":"Ketten-Vey-Rohrschlepper","item":"https:\/\/www.mpechicago.com\/de\/ketten-vey-rohrschlepper\/"},{"@type":"ListItem","position":3,"name":"Kapazit\u00e4ten","item":"https:\/\/www.mpechicago.com\/de\/ketten-vey-rohrschlepper\/kapazitaeten\/"},{"@type":"ListItem","position":4,"name":"5&#8243; oder 127 mm Rohrf\u00f6rderer"}]},{"@type":"WebSite","@id":"https:\/\/www.mpechicago.com\/de\/#website","url":"https:\/\/www.mpechicago.com\/de\/","name":"Moderne Prozessanlagen","description":"","publisher":{"@id":"https:\/\/www.mpechicago.com\/de\/#organization"},"potentialAction":[{"@type":"SearchAction","target":{"@type":"EntryPoint","urlTemplate":"https:\/\/www.mpechicago.com\/de\/?s={search_term_string}"},"query-input":{"@type":"PropertyValueSpecification","valueRequired":true,"valueName":"search_term_string"}}],"inLanguage":"de"},{"@type":"Organization","@id":"https:\/\/www.mpechicago.com\/de\/#organization","name":"Moderne Prozessanlagen","url":"https:\/\/www.mpechicago.com\/de\/","logo":{"@type":"ImageObject","inLanguage":"de","@id":"https:\/\/www.mpechicago.com\/de\/#\/schema\/logo\/image\/","url":"https:\/\/www.mpechicago.com\/wp-content\/uploads\/2019\/12\/logo.png","contentUrl":"https:\/\/www.mpechicago.com\/wp-content\/uploads\/2019\/12\/logo.png","width":200,"height":91,"caption":"Moderne Prozessanlagen"},"image":{"@id":"https:\/\/www.mpechicago.com\/de\/#\/schema\/logo\/image\/"}}]}},"_links":{"self":[{"href":"https:\/\/www.mpechicago.com\/de\/wp-json\/wp\/v2\/pages\/26702","targetHints":{"allow":["GET"]}}],"collection":[{"href":"https:\/\/www.mpechicago.com\/de\/wp-json\/wp\/v2\/pages"}],"about":[{"href":"https:\/\/www.mpechicago.com\/de\/wp-json\/wp\/v2\/types\/page"}],"author":[{"embeddable":true,"href":"https:\/\/www.mpechicago.com\/de\/wp-json\/wp\/v2\/users\/20"}],"replies":[{"embeddable":true,"href":"https:\/\/www.mpechicago.com\/de\/wp-json\/wp\/v2\/comments?post=26702"}],"version-history":[{"count":1,"href":"https:\/\/www.mpechicago.com\/de\/wp-json\/wp\/v2\/pages\/26702\/revisions"}],"predecessor-version":[{"id":26705,"href":"https:\/\/www.mpechicago.com\/de\/wp-json\/wp\/v2\/pages\/26702\/revisions\/26705"}],"up":[{"embeddable":true,"href":"https:\/\/www.mpechicago.com\/de\/wp-json\/wp\/v2\/pages\/26518"}],"wp:featuredmedia":[{"embeddable":true,"href":"https:\/\/www.mpechicago.com\/de\/wp-json\/wp\/v2\/media\/18284"}],"wp:attachment":[{"href":"https:\/\/www.mpechicago.com\/de\/wp-json\/wp\/v2\/media?parent=26702"}],"curies":[{"name":"wp","href":"https:\/\/api.w.org\/{rel}","templated":true}]}}