{"id":26419,"date":"2019-12-13T13:07:10","date_gmt":"2019-12-13T19:07:10","guid":{"rendered":"https:\/\/www.mpechicago.com\/nahrungsmittel-chemie-und-mineralienmahlanlagen\/industrielles-schleifen-anwendungen\/mineralien-mahlen\/"},"modified":"2025-04-29T15:02:25","modified_gmt":"2025-04-29T20:02:25","slug":"mineralien-mahlen","status":"publish","type":"page","link":"https:\/\/www.mpechicago.com\/de\/nahrungsmittel-chemie-und-mineralienmahlanlagen\/industrielles-schleifen-anwendungen\/mineralien-mahlen\/","title":{"rendered":"Mineralien mahlen"},"content":{"rendered":"<div class=\"wp-bootstrap-blocks-row\">\n\t<div class=\"row\">\n\t\t\n\n<div class=\"col-12 col-md-2 col-lg-2 col-xl-2\">\n\t<div class=\"\">\n\t\t\n\n\n\t<\/div>\n<\/div>\n\n\n\n<div class=\"col-12 col-md-10 col-lg-10 col-xl-10\">\n\t<div class=\"\">\n\t\t\n\n<h1 class=\"page-title wp-block-heading\">Mineralien mahlen  <\/h1>\n\n\n\n<p class=\"intro\">  MPE-Schleifmaschinen sind un\u00fcbertroffen in ihrer Effizienz und Zuverl\u00e4ssigkeit. Unsere M\u00fchlen sind au\u00dferdem korrosionsbest\u00e4ndig und k\u00f6nnen selbst die korrosivsten Mineralien verarbeiten, die man sich vorstellen kann. Ihre hohe Ausbeute macht die MPE-M\u00fchlen so ber\u00fchmt, so dass Sie sich keine Sorgen um unerw\u00fcnschte Feinanteile machen m\u00fcssen.  <\/p>\n\n\n\n<p>  Die Zerkleinerung von Mineralien kann selbst f\u00fcr die robustesten Ger\u00e4te sehr anstrengend sein. MPE-Ger\u00e4te zur Zerkleinerung von Mineralien verwenden Antriebskomponenten von Weltklasse, Technologien zur Verbesserung der Lebensdauer von Walzen und bieten eine un\u00fcbertroffene Genauigkeit. Wir zerkleinern alles von Baryt bis hin zu Talkpulver.    <\/p>\n\n\t<\/div>\n<\/div>\n\n\t<\/div>\n<\/div>\n\n<div style=\"height:100px\" aria-hidden=\"true\" class=\"wp-block-spacer\"><\/div>\n\n<h2 class=\"has-text-align-center text-uppercase wp-block-heading\">  Gemeinsame Anwendungen von Mineralien  <\/h2>\n\n<hr class=\"wp-block-separator Pageblock-subtitleDecorationborder ticss-2c5871f1\"\/>\n\n<div style=\"height:60px\" aria-hidden=\"true\" class=\"wp-block-spacer\"><\/div>\n\n<div style=\"height:60px\" aria-hidden=\"true\" class=\"wp-block-spacer\"><\/div>\n\n<div class=\"wp-block-melonpan-block-container\"><div class=\"mbc-container mbc-padding_top-20 mbc-padding_bottom-20 mbc-padding_left-20 mbc-padding_right-20 mbc-padding_top_small_screen-20 mbc-padding_bottom_small_screen-20 mbc-padding_left_small_screen-20 mbc-padding_right_small_screen-20\"><div class=\"mbc-background mbc-background_fixed-disabled mbc-shadow_width-0 mbc-border_width-0\"><\/div><div class=\"mbc-content mbc-content_maxwidth-1200 mbc-content_align-center\"><div class=\"wp-bootstrap-blocks-row text-uppercase mb-15\">\n\t<div class=\"row\">\n\t\t\n\n<div class=\"col-12 col-md-4\">\n\t<div class=\"\">\n\t\t\n<div class=\"wp-bootstrap-blocks-button\">\n\t<a href=\"http:\/\/www.mpechicago.com\/de\/calcium-carbonate\" class=\"btn ticss-e2ee3db3 btn-lg btn-block btn-outline-dark\">\n\t\tCALCIUM CARBONATE\t<\/a>\n<\/div>\n\n\t<\/div>\n<\/div>\n\n\n\n<div class=\"col-12 col-md-4\">\n\t<div class=\"\">\n\t\t\n<div class=\"wp-bootstrap-blocks-button\">\n\t<a href=\"http:\/\/www.mpechicago.com\/de\/mineral-grinding\" class=\"btn btn-lg btn-block btn-outline-dark\">\n\t\tCARBON GRAPHITE\t<\/a>\n<\/div>\n\n\t<\/div>\n<\/div>\n\n\n\n<div class=\"col-12 col-md-4\">\n\t<div class=\"\">\n\t\t\n<div class=\"wp-bootstrap-blocks-button\">\n\t<a href=\"http:\/\/www.mpechicago.com\/de\/mineral-grinding\" class=\"btn btn-lg btn-block btn-outline-dark\">\n\t\tDIATOMACEOUS EARTH\t<\/a>\n<\/div>\n\n\t<\/div>\n<\/div>\n\n\t<\/div>\n<\/div>\n\n\n<div class=\"wp-bootstrap-blocks-row text-uppercase mb-15\">\n\t<div class=\"row\">\n\t\t\n\n<div class=\"col-12 col-md-4\">\n\t<div class=\"\">\n\t\t\n<div class=\"wp-bootstrap-blocks-button\">\n\t<a href=\"http:\/\/www.mpechicago.com\/de\/mineral-grinding\" class=\"btn ticss-e2ee3db3 btn-lg btn-block btn-outline-dark\">\n\t\tGYPSUM\t<\/a>\n<\/div>\n\n\t<\/div>\n<\/div>\n\n\n\n<div class=\"col-12 col-md-4\">\n\t<div class=\"\">\n\t\t\n<div class=\"wp-bootstrap-blocks-button\">\n\t<a href=\"http:\/\/www.mpechicago.com\/de\/limestone\" class=\"btn btn-lg btn-block btn-outline-dark\">\n\t\tLIMESTONE\t<\/a>\n<\/div>\n\n\t<\/div>\n<\/div>\n\n\n\n<div class=\"col-12 col-md-4\">\n\t<div class=\"\">\n\t\t\n<div class=\"wp-bootstrap-blocks-button\">\n\t<a href=\"http:\/\/www.mpechicago.com\/de\/mineral-grinding\" class=\"btn btn-lg btn-block btn-outline-dark\">\n\t\tMETALLURGICAL SILICON\t<\/a>\n<\/div>\n\n\t<\/div>\n<\/div>\n\n\t<\/div>\n<\/div>\n\n\n<div class=\"wp-bootstrap-blocks-row text-uppercase mb-15\">\n\t<div class=\"row\">\n\t\t\n\n<div class=\"col-12 col-md-4\">\n\t<div class=\"\">\n\t\t\n<div class=\"wp-bootstrap-blocks-button\">\n\t<a href=\"http:\/\/www.mpechicago.com\/de\/mineral-grinding\" class=\"btn ticss-e2ee3db3 btn-lg btn-block btn-outline-dark\">\n\t\tPOTASH\t<\/a>\n<\/div>\n\n\t<\/div>\n<\/div>\n\n\n\n<div class=\"col-12 col-md-4\">\n\t<div class=\"\">\n\t\t\n<div class=\"wp-bootstrap-blocks-button\">\n\t<a href=\"http:\/\/www.mpechicago.com\/de\/rock-salt\" class=\"btn btn-lg btn-block btn-outline-dark\">\n\t\tROCK SALT\t<\/a>\n<\/div>\n\n\t<\/div>\n<\/div>\n\n\n\n<div class=\"col-12 col-md-4\">\n\t<div class=\"\">\n\t\t\n<div class=\"wp-bootstrap-blocks-button\">\n\t<a href=\"http:\/\/www.mpechicago.com\/de\/almond-conveyor\" class=\"btn btn-lg btn-block btn-outline-dark\">\n\t\tSEA SALT\t<\/a>\n<\/div>\n\n\t<\/div>\n<\/div>\n\n\t<\/div>\n<\/div>\n\n\n<div class=\"wp-bootstrap-blocks-row text-uppercase mb-15\">\n\t<div class=\"row\">\n\t\t\n\n<div class=\"col-12 col-md-4\">\n\t<div class=\"\">\n\t\t\n<div class=\"wp-bootstrap-blocks-button\">\n\t<a href=\"http:\/\/www.mpechicago.com\/de\/silicon-metal\" class=\"btn ticss-e2ee3db3 btn-lg btn-block btn-outline-dark\">\n\t\tSILICON METAL\t<\/a>\n<\/div>\n\n\t<\/div>\n<\/div>\n\n\n\n<div class=\"col-12 col-md-4\">\n\t<div class=\"\">\n\t\t\n<div class=\"wp-bootstrap-blocks-button\">\n\t<a href=\"http:\/\/www.mpechicago.com\/de\/mineral-grinding\" class=\"btn btn-lg btn-block btn-outline-dark\">\n\t\tSILICON DIOXIDE\t<\/a>\n<\/div>\n\n\t<\/div>\n<\/div>\n\n\n\n<div class=\"col-12 col-md-4\">\n\t<div class=\"\">\n\t\t\n<div class=\"wp-bootstrap-blocks-button\">\n\t<a href=\"http:\/\/www.mpechicago.com\/de\/mineral-grinding\" class=\"btn btn-lg btn-block btn-outline-dark\">\n\t\tSOLAR-GRADE SILICON\t<\/a>\n<\/div>\n\n\t<\/div>\n<\/div>\n\n\t<\/div>\n<\/div>\n\n\n<div class=\"wp-bootstrap-blocks-row text-uppercase mb-15\">\n\t<div class=\"row\">\n\t\t\n\n<div class=\"col-12 col-md-4\">\n\t<div class=\"\">\n\t\t\n<div class=\"wp-bootstrap-blocks-button\">\n\t<a href=\"http:\/\/www.mpechicago.com\/de\/mineral-grinding\" class=\"btn ticss-e2ee3db3 btn-lg btn-block btn-outline-dark\">\n\t\tTILE\t<\/a>\n<\/div>\n\n\t<\/div>\n<\/div>\n\n\n\n<div class=\"col-12 col-md-4\">\n\t<div class=\"\">\n\t\t\n<div class=\"wp-bootstrap-blocks-button\">\n\t<a href=\"http:\/\/www.mpechicago.com\/de\/mineral-grinding\" class=\"btn btn-lg btn-block btn-outline-dark\">\n\t\tZEOLITE\t<\/a>\n<\/div>\n\n\t<\/div>\n<\/div>\n\n\n\n<div class=\"col-12 col-md-4\">\n\t<div class=\"\">\n\t\t\n<div class=\"wp-bootstrap-blocks-button\">\n\t<a href=\"http:\/\/www.mpechicago.com\/de\/mineral-grinding\" class=\"btn btn-lg btn-block btn-outline-dark\">\n\t\tZINC STEARATE\t<\/a>\n<\/div>\n\n\t<\/div>\n<\/div>\n\n\t<\/div>\n<\/div>\n<\/div><\/div><\/div>\n\n<div style=\"height:100px\" aria-hidden=\"true\" class=\"wp-block-spacer\"><\/div>\n<div class=\"wp-bootstrap-blocks-container container mb-2 positionrelative ticss-557f38c4 box-types\">\n\t\n\n<h3 class=\"has-text-align-center Pageblock-subtitle ticss-e44a83c5 wp-block-heading\" id=\"minwidth\">  Vollst\u00e4ndige Liste der Anwendungen f\u00fcr das chemische Schleifen  <\/h3>\n\n\n\n<hr class=\"wp-block-separator Pageblock-subtitleDecoration\"\/>\n\n\n<div class=\"wp-bootstrap-blocks-row ticss-aefb281e\">\n\t<div class=\"row\">\n\t\t\n\n<div class=\"col-12 col-md-3 col-lg-3 col-xl-3\">\n\t<div class=\"\">\n\t\t\n\n<h5 class=\"has-text-align-left wp-block-heading\">BENTONITE<\/h5>\n\n\n\n<h5 class=\"has-text-align-left wp-block-heading\">BENTONIT-TON<\/h5>\n\n\n\n<h5 class=\"has-text-align-left wp-block-heading\">KALZINIERTER TON<\/h5>\n\n\n\n<h5 class=\"has-text-align-left wp-block-heading\"><a href=\"http:\/\/www.mpechicago.com\/de\/calcium-carbonate\/\">KALZIUMKARBONAT<\/a><\/h5>\n\n\n\n<h5 class=\"has-text-align-left wp-block-heading\">KOHLENSTOFF-GRAPHIT<\/h5>\n\n\t<\/div>\n<\/div>\n\n\n\n<div class=\"col-12 col-md-3 col-lg-3 col-xl-3\">\n\t<div class=\"\">\n\t\t\n\n<h5 class=\"has-text-align-left wp-block-heading\">TON<\/h5>\n\n\n\n<h5 class=\"has-text-align-left wp-block-heading\">KIESELGUR<\/h5>\n\n\n\n<h5 class=\"has-text-align-left wp-block-heading\">EPSOM-SALZ<\/h5>\n\n\n\n<h5 class=\"has-text-align-left wp-block-heading\">GYPSUM<\/h5>\n\n\n\n<h5 class=\"has-text-align-left wp-block-heading\"><a href=\"http:\/\/www.mpechicago.com\/de\/limestone\/\">LIMESTONE<\/a><\/h5>\n\n\n\n<p><\/p>\n\n\t<\/div>\n<\/div>\n\n\n\n<div class=\"col-12 col-md-3 col-lg-3 col-xl-3\">\n\t<div class=\"\">\n\t\t\n\n<h5 class=\"has-text-align-left wp-block-heading\">METALLURGISCHE KIESELS\u00c4URE<\/h5>\n\n\n\n<h5 class=\"has-text-align-left wp-block-heading\">POLYSILICON<\/h5>\n\n\n\n<h5 class=\"has-text-align-left wp-block-heading\">POTASCH<\/h5>\n\n\n\n<h5 class=\"has-text-align-left wp-block-heading\"><a href=\"http:\/\/www.mpechicago.com\/de\/almond-conveyor\/\">SALZ<\/a><a href=\"http:\/\/www.mpechicago.com\/de\/rock-salt\/\">(STEINSALZ, MEERSALZ<\/a>)<\/h5>\n\n\n\n<h5 class=\"has-text-align-left wp-block-heading\"><a href=\"http:\/\/www.mpechicago.com\/de\/silicon-metal\/\">SILIKONMETALL<\/a><\/h5>\n\n\t<\/div>\n<\/div>\n\n\n\n<div class=\"col-12 col-md-3 col-lg-3 col-xl-3\">\n\t<div class=\"\">\n\t\t\n\n<h5 class=\"has-text-align-left wp-block-heading\">KACHEL<\/h5>\n\n\n\n<h5 class=\"has-text-align-left wp-block-heading\">ZEOLITE<\/h5>\n\n\n\n<h5 class=\"has-text-align-left wp-block-heading\">ZINKSTEARAT<\/h5>\n\n\t<\/div>\n<\/div>\n\n\t<\/div>\n<\/div>\n\n<\/div>\n\n<div style=\"height:100px\" aria-hidden=\"true\" class=\"wp-block-spacer\"><\/div>\n","protected":false},"excerpt":{"rendered":"<p>Gemeinsame Anwendungen von Mineralien<\/p>\n","protected":false},"author":20,"featured_media":18234,"parent":26306,"menu_order":0,"comment_status":"closed","ping_status":"closed","template":"","meta":{"_acf_changed":false,"content-type":"","rs_blank_template":"","rs_page_bg_color":"","slide_template_v7":"","footnotes":""},"class_list":["post-26419","page","type-page","status-publish","has-post-thumbnail","hentry"],"acf":[],"yoast_head":"<!-- This site is optimized with the Yoast SEO plugin v27.4 - https:\/\/yoast.com\/product\/yoast-seo-wordpress\/ -->\n<title>Anwendungen f\u00fcr das Mahlen von Mineralien - Moderne Prozessanlagen<\/title>\n<meta name=\"description\" content=\"Die industrielle Zerkleinerung von Mineralien erfordert bew\u00e4hrte Zuverl\u00e4ssigkeit, Gleichm\u00e4\u00dfigkeit der Partikel und erstklassigen Support. Lassen Sie MPE den idealen Mineralienmahler f\u00fcr Sie finden.\" \/>\n<meta name=\"robots\" content=\"index, follow, max-snippet:-1, max-image-preview:large, max-video-preview:-1\" \/>\n<link rel=\"canonical\" href=\"https:\/\/www.mpechicago.com\/de\/nahrungsmittel-chemie-und-mineralienmahlanlagen\/industrielles-schleifen-anwendungen\/mineralien-mahlen\/\" \/>\n<meta property=\"og:locale\" content=\"de_DE\" \/>\n<meta property=\"og:type\" content=\"article\" \/>\n<meta property=\"og:title\" content=\"Anwendungen f\u00fcr das Mahlen von Mineralien - Moderne Prozessanlagen\" \/>\n<meta property=\"og:description\" content=\"Die industrielle Zerkleinerung von Mineralien erfordert bew\u00e4hrte Zuverl\u00e4ssigkeit, Gleichm\u00e4\u00dfigkeit der Partikel und erstklassigen Support. Lassen Sie MPE den idealen Mineralienmahler f\u00fcr Sie finden.\" \/>\n<meta property=\"og:url\" content=\"https:\/\/www.mpechicago.com\/de\/nahrungsmittel-chemie-und-mineralienmahlanlagen\/industrielles-schleifen-anwendungen\/mineralien-mahlen\/\" \/>\n<meta property=\"og:site_name\" content=\"Moderne Prozessanlagen\" \/>\n<meta property=\"article:modified_time\" content=\"2025-04-29T20:02:25+00:00\" \/>\n<meta property=\"og:image\" content=\"https:\/\/www.mpechicago.com\/wp-content\/uploads\/2019\/12\/Mineral2000.jpg\" \/>\n\t<meta property=\"og:image:width\" content=\"2000\" \/>\n\t<meta property=\"og:image:height\" content=\"313\" \/>\n\t<meta property=\"og:image:type\" content=\"image\/jpeg\" \/>\n<meta name=\"twitter:card\" content=\"summary_large_image\" \/>\n<meta name=\"twitter:label1\" content=\"Gesch\u00e4tzte Lesezeit\" \/>\n\t<meta name=\"twitter:data1\" content=\"1\u00a0Minute\" \/>\n<script type=\"application\/ld+json\" class=\"yoast-schema-graph\">{\"@context\":\"https:\\\/\\\/schema.org\",\"@graph\":[{\"@type\":\"WebPage\",\"@id\":\"https:\\\/\\\/www.mpechicago.com\\\/de\\\/nahrungsmittel-chemie-und-mineralienmahlanlagen\\\/industrielles-schleifen-anwendungen\\\/mineralien-mahlen\\\/\",\"url\":\"https:\\\/\\\/www.mpechicago.com\\\/de\\\/nahrungsmittel-chemie-und-mineralienmahlanlagen\\\/industrielles-schleifen-anwendungen\\\/mineralien-mahlen\\\/\",\"name\":\"Anwendungen f\u00fcr das Mahlen von Mineralien - Moderne Prozessanlagen\",\"isPartOf\":{\"@id\":\"https:\\\/\\\/www.mpechicago.com\\\/de\\\/#website\"},\"primaryImageOfPage\":{\"@id\":\"https:\\\/\\\/www.mpechicago.com\\\/de\\\/nahrungsmittel-chemie-und-mineralienmahlanlagen\\\/industrielles-schleifen-anwendungen\\\/mineralien-mahlen\\\/#primaryimage\"},\"image\":{\"@id\":\"https:\\\/\\\/www.mpechicago.com\\\/de\\\/nahrungsmittel-chemie-und-mineralienmahlanlagen\\\/industrielles-schleifen-anwendungen\\\/mineralien-mahlen\\\/#primaryimage\"},\"thumbnailUrl\":\"https:\\\/\\\/www.mpechicago.com\\\/wp-content\\\/uploads\\\/2019\\\/12\\\/Mineral2000.jpg\",\"datePublished\":\"2019-12-13T19:07:10+00:00\",\"dateModified\":\"2025-04-29T20:02:25+00:00\",\"description\":\"Die industrielle Zerkleinerung von Mineralien erfordert bew\u00e4hrte Zuverl\u00e4ssigkeit, Gleichm\u00e4\u00dfigkeit der Partikel und erstklassigen Support. Lassen Sie MPE den idealen Mineralienmahler f\u00fcr Sie finden.\",\"breadcrumb\":{\"@id\":\"https:\\\/\\\/www.mpechicago.com\\\/de\\\/nahrungsmittel-chemie-und-mineralienmahlanlagen\\\/industrielles-schleifen-anwendungen\\\/mineralien-mahlen\\\/#breadcrumb\"},\"inLanguage\":\"de\",\"potentialAction\":[{\"@type\":\"ReadAction\",\"target\":[\"https:\\\/\\\/www.mpechicago.com\\\/de\\\/nahrungsmittel-chemie-und-mineralienmahlanlagen\\\/industrielles-schleifen-anwendungen\\\/mineralien-mahlen\\\/\"]}]},{\"@type\":\"ImageObject\",\"inLanguage\":\"de\",\"@id\":\"https:\\\/\\\/www.mpechicago.com\\\/de\\\/nahrungsmittel-chemie-und-mineralienmahlanlagen\\\/industrielles-schleifen-anwendungen\\\/mineralien-mahlen\\\/#primaryimage\",\"url\":\"https:\\\/\\\/www.mpechicago.com\\\/wp-content\\\/uploads\\\/2019\\\/12\\\/Mineral2000.jpg\",\"contentUrl\":\"https:\\\/\\\/www.mpechicago.com\\\/wp-content\\\/uploads\\\/2019\\\/12\\\/Mineral2000.jpg\",\"width\":2000,\"height\":313},{\"@type\":\"BreadcrumbList\",\"@id\":\"https:\\\/\\\/www.mpechicago.com\\\/de\\\/nahrungsmittel-chemie-und-mineralienmahlanlagen\\\/industrielles-schleifen-anwendungen\\\/mineralien-mahlen\\\/#breadcrumb\",\"itemListElement\":[{\"@type\":\"ListItem\",\"position\":1,\"name\":\"Heim\",\"item\":\"https:\\\/\\\/www.mpechicago.com\\\/de\\\/\"},{\"@type\":\"ListItem\",\"position\":2,\"name\":\"Mahlanlagen f\u00fcr Lebensmittel, Chemie und Mineralien\",\"item\":\"https:\\\/\\\/www.mpechicago.com\\\/de\\\/nahrungsmittel-chemie-und-mineralienmahlanlagen\\\/\"},{\"@type\":\"ListItem\",\"position\":3,\"name\":\"Industrielles Schleifen Anwendungen\",\"item\":\"https:\\\/\\\/www.mpechicago.com\\\/de\\\/nahrungsmittel-chemie-und-mineralienmahlanlagen\\\/industrielles-schleifen-anwendungen\\\/\"},{\"@type\":\"ListItem\",\"position\":4,\"name\":\"Mineralien mahlen\"}]},{\"@type\":\"WebSite\",\"@id\":\"https:\\\/\\\/www.mpechicago.com\\\/de\\\/#website\",\"url\":\"https:\\\/\\\/www.mpechicago.com\\\/de\\\/\",\"name\":\"Moderne Prozessanlagen\",\"description\":\"\",\"publisher\":{\"@id\":\"https:\\\/\\\/www.mpechicago.com\\\/de\\\/#organization\"},\"potentialAction\":[{\"@type\":\"SearchAction\",\"target\":{\"@type\":\"EntryPoint\",\"urlTemplate\":\"https:\\\/\\\/www.mpechicago.com\\\/de\\\/?s={search_term_string}\"},\"query-input\":{\"@type\":\"PropertyValueSpecification\",\"valueRequired\":true,\"valueName\":\"search_term_string\"}}],\"inLanguage\":\"de\"},{\"@type\":\"Organization\",\"@id\":\"https:\\\/\\\/www.mpechicago.com\\\/de\\\/#organization\",\"name\":\"Moderne Prozessanlagen\",\"url\":\"https:\\\/\\\/www.mpechicago.com\\\/de\\\/\",\"logo\":{\"@type\":\"ImageObject\",\"inLanguage\":\"de\",\"@id\":\"https:\\\/\\\/www.mpechicago.com\\\/de\\\/#\\\/schema\\\/logo\\\/image\\\/\",\"url\":\"https:\\\/\\\/www.mpechicago.com\\\/wp-content\\\/uploads\\\/2019\\\/12\\\/logo.png\",\"contentUrl\":\"https:\\\/\\\/www.mpechicago.com\\\/wp-content\\\/uploads\\\/2019\\\/12\\\/logo.png\",\"width\":200,\"height\":91,\"caption\":\"Moderne Prozessanlagen\"},\"image\":{\"@id\":\"https:\\\/\\\/www.mpechicago.com\\\/de\\\/#\\\/schema\\\/logo\\\/image\\\/\"}}]}<\/script>\n<!-- \/ Yoast SEO plugin. -->","yoast_head_json":{"title":"Anwendungen f\u00fcr das Mahlen von Mineralien - Moderne Prozessanlagen","description":"Die industrielle Zerkleinerung von Mineralien erfordert bew\u00e4hrte Zuverl\u00e4ssigkeit, Gleichm\u00e4\u00dfigkeit der Partikel und erstklassigen Support. Lassen Sie MPE den idealen Mineralienmahler f\u00fcr Sie finden.","robots":{"index":"index","follow":"follow","max-snippet":"max-snippet:-1","max-image-preview":"max-image-preview:large","max-video-preview":"max-video-preview:-1"},"canonical":"https:\/\/www.mpechicago.com\/de\/nahrungsmittel-chemie-und-mineralienmahlanlagen\/industrielles-schleifen-anwendungen\/mineralien-mahlen\/","og_locale":"de_DE","og_type":"article","og_title":"Anwendungen f\u00fcr das Mahlen von Mineralien - Moderne Prozessanlagen","og_description":"Die industrielle Zerkleinerung von Mineralien erfordert bew\u00e4hrte Zuverl\u00e4ssigkeit, Gleichm\u00e4\u00dfigkeit der Partikel und erstklassigen Support. Lassen Sie MPE den idealen Mineralienmahler f\u00fcr Sie finden.","og_url":"https:\/\/www.mpechicago.com\/de\/nahrungsmittel-chemie-und-mineralienmahlanlagen\/industrielles-schleifen-anwendungen\/mineralien-mahlen\/","og_site_name":"Moderne Prozessanlagen","article_modified_time":"2025-04-29T20:02:25+00:00","og_image":[{"width":2000,"height":313,"url":"https:\/\/www.mpechicago.com\/wp-content\/uploads\/2019\/12\/Mineral2000.jpg","type":"image\/jpeg"}],"twitter_card":"summary_large_image","twitter_misc":{"Gesch\u00e4tzte Lesezeit":"1\u00a0Minute"},"schema":{"@context":"https:\/\/schema.org","@graph":[{"@type":"WebPage","@id":"https:\/\/www.mpechicago.com\/de\/nahrungsmittel-chemie-und-mineralienmahlanlagen\/industrielles-schleifen-anwendungen\/mineralien-mahlen\/","url":"https:\/\/www.mpechicago.com\/de\/nahrungsmittel-chemie-und-mineralienmahlanlagen\/industrielles-schleifen-anwendungen\/mineralien-mahlen\/","name":"Anwendungen f\u00fcr das Mahlen von Mineralien - Moderne Prozessanlagen","isPartOf":{"@id":"https:\/\/www.mpechicago.com\/de\/#website"},"primaryImageOfPage":{"@id":"https:\/\/www.mpechicago.com\/de\/nahrungsmittel-chemie-und-mineralienmahlanlagen\/industrielles-schleifen-anwendungen\/mineralien-mahlen\/#primaryimage"},"image":{"@id":"https:\/\/www.mpechicago.com\/de\/nahrungsmittel-chemie-und-mineralienmahlanlagen\/industrielles-schleifen-anwendungen\/mineralien-mahlen\/#primaryimage"},"thumbnailUrl":"https:\/\/www.mpechicago.com\/wp-content\/uploads\/2019\/12\/Mineral2000.jpg","datePublished":"2019-12-13T19:07:10+00:00","dateModified":"2025-04-29T20:02:25+00:00","description":"Die industrielle Zerkleinerung von Mineralien erfordert bew\u00e4hrte Zuverl\u00e4ssigkeit, Gleichm\u00e4\u00dfigkeit der Partikel und erstklassigen Support. Lassen Sie MPE den idealen Mineralienmahler f\u00fcr Sie finden.","breadcrumb":{"@id":"https:\/\/www.mpechicago.com\/de\/nahrungsmittel-chemie-und-mineralienmahlanlagen\/industrielles-schleifen-anwendungen\/mineralien-mahlen\/#breadcrumb"},"inLanguage":"de","potentialAction":[{"@type":"ReadAction","target":["https:\/\/www.mpechicago.com\/de\/nahrungsmittel-chemie-und-mineralienmahlanlagen\/industrielles-schleifen-anwendungen\/mineralien-mahlen\/"]}]},{"@type":"ImageObject","inLanguage":"de","@id":"https:\/\/www.mpechicago.com\/de\/nahrungsmittel-chemie-und-mineralienmahlanlagen\/industrielles-schleifen-anwendungen\/mineralien-mahlen\/#primaryimage","url":"https:\/\/www.mpechicago.com\/wp-content\/uploads\/2019\/12\/Mineral2000.jpg","contentUrl":"https:\/\/www.mpechicago.com\/wp-content\/uploads\/2019\/12\/Mineral2000.jpg","width":2000,"height":313},{"@type":"BreadcrumbList","@id":"https:\/\/www.mpechicago.com\/de\/nahrungsmittel-chemie-und-mineralienmahlanlagen\/industrielles-schleifen-anwendungen\/mineralien-mahlen\/#breadcrumb","itemListElement":[{"@type":"ListItem","position":1,"name":"Heim","item":"https:\/\/www.mpechicago.com\/de\/"},{"@type":"ListItem","position":2,"name":"Mahlanlagen f\u00fcr Lebensmittel, Chemie und Mineralien","item":"https:\/\/www.mpechicago.com\/de\/nahrungsmittel-chemie-und-mineralienmahlanlagen\/"},{"@type":"ListItem","position":3,"name":"Industrielles Schleifen Anwendungen","item":"https:\/\/www.mpechicago.com\/de\/nahrungsmittel-chemie-und-mineralienmahlanlagen\/industrielles-schleifen-anwendungen\/"},{"@type":"ListItem","position":4,"name":"Mineralien mahlen"}]},{"@type":"WebSite","@id":"https:\/\/www.mpechicago.com\/de\/#website","url":"https:\/\/www.mpechicago.com\/de\/","name":"Moderne Prozessanlagen","description":"","publisher":{"@id":"https:\/\/www.mpechicago.com\/de\/#organization"},"potentialAction":[{"@type":"SearchAction","target":{"@type":"EntryPoint","urlTemplate":"https:\/\/www.mpechicago.com\/de\/?s={search_term_string}"},"query-input":{"@type":"PropertyValueSpecification","valueRequired":true,"valueName":"search_term_string"}}],"inLanguage":"de"},{"@type":"Organization","@id":"https:\/\/www.mpechicago.com\/de\/#organization","name":"Moderne Prozessanlagen","url":"https:\/\/www.mpechicago.com\/de\/","logo":{"@type":"ImageObject","inLanguage":"de","@id":"https:\/\/www.mpechicago.com\/de\/#\/schema\/logo\/image\/","url":"https:\/\/www.mpechicago.com\/wp-content\/uploads\/2019\/12\/logo.png","contentUrl":"https:\/\/www.mpechicago.com\/wp-content\/uploads\/2019\/12\/logo.png","width":200,"height":91,"caption":"Moderne Prozessanlagen"},"image":{"@id":"https:\/\/www.mpechicago.com\/de\/#\/schema\/logo\/image\/"}}]}},"_links":{"self":[{"href":"https:\/\/www.mpechicago.com\/de\/wp-json\/wp\/v2\/pages\/26419","targetHints":{"allow":["GET"]}}],"collection":[{"href":"https:\/\/www.mpechicago.com\/de\/wp-json\/wp\/v2\/pages"}],"about":[{"href":"https:\/\/www.mpechicago.com\/de\/wp-json\/wp\/v2\/types\/page"}],"author":[{"embeddable":true,"href":"https:\/\/www.mpechicago.com\/de\/wp-json\/wp\/v2\/users\/20"}],"replies":[{"embeddable":true,"href":"https:\/\/www.mpechicago.com\/de\/wp-json\/wp\/v2\/comments?post=26419"}],"version-history":[{"count":1,"href":"https:\/\/www.mpechicago.com\/de\/wp-json\/wp\/v2\/pages\/26419\/revisions"}],"predecessor-version":[{"id":26421,"href":"https:\/\/www.mpechicago.com\/de\/wp-json\/wp\/v2\/pages\/26419\/revisions\/26421"}],"up":[{"embeddable":true,"href":"https:\/\/www.mpechicago.com\/de\/wp-json\/wp\/v2\/pages\/26306"}],"wp:featuredmedia":[{"embeddable":true,"href":"https:\/\/www.mpechicago.com\/de\/wp-json\/wp\/v2\/media\/18234"}],"wp:attachment":[{"href":"https:\/\/www.mpechicago.com\/de\/wp-json\/wp\/v2\/media?parent=26419"}],"curies":[{"name":"wp","href":"https:\/\/api.w.org\/{rel}","templated":true}]}}