{"id":26328,"date":"2019-12-11T10:33:55","date_gmt":"2019-12-11T16:33:55","guid":{"rendered":"https:\/\/www.mpechicago.com\/ausrustung-zum-mahlen-von-kaffee\/kaffeemuhlen\/"},"modified":"2025-04-29T14:55:29","modified_gmt":"2025-04-29T19:55:29","slug":"kaffeemuhlen","status":"publish","type":"page","link":"https:\/\/www.mpechicago.com\/de\/ausrustung-zum-mahlen-von-kaffee\/kaffeemuhlen\/","title":{"rendered":"Kaffeem\u00fchlen"},"content":{"rendered":"\n<div class=\"wp-block-melonpan-block-container\"><div class=\"mbc-container mbc-padding_top-0 mbc-padding_bottom-0 mbc-padding_left-20 mbc-padding_right-20 mbc-padding_top_small_screen-20 mbc-padding_bottom_small_screen-20 mbc-padding_left_small_screen-20 mbc-padding_right_small_screen-20\"><div class=\"mbc-background mbc-background_fixed-disabled mbc-shadow_width-0 mbc-border_width-0\"><\/div><div class=\"mbc-content mbc-content_maxwidth-1100 mbc-content_align-center\">\n<h1 class=\"wp-block-heading has-text-align-center\">  Kaffeem\u00fchlen f\u00fcr gro\u00dfe Mengen  <\/h1>\n\n\n\n<p class=\"has-text-align-center intro\">Mit Mahlkapazit\u00e4ten von 200 &#8211; 20.000 lb\/Std. (90 &#8211; 9.000 kg\/Std.) und Mahlgraden von T\u00fcrkisch bis L\u00f6slich bietet MPE die ideale Kaffeem\u00fchle f\u00fcr jede Anwendung.<\/p>\n<\/div><\/div><\/div>\n","protected":false},"excerpt":{"rendered":"","protected":false},"author":20,"featured_media":0,"parent":26326,"menu_order":0,"comment_status":"closed","ping_status":"closed","template":"page-coffee-grinders.php","meta":{"_acf_changed":false,"content-type":"","rs_blank_template":"","rs_page_bg_color":"","slide_template_v7":"","footnotes":""},"class_list":["post-26328","page","type-page","status-publish","hentry"],"acf":[],"yoast_head":"<!-- This site is optimized with the Yoast SEO plugin v27.5 - https:\/\/yoast.com\/product\/yoast-seo-wordpress\/ -->\n<title>Kaffeem\u00fchlen f\u00fcr gro\u00dfe Mengen - Moderne Prozessanlagen<\/title>\n<meta name=\"description\" content=\"Erfahren Sie mehr \u00fcber die hochwertigen Industrie- und Gourmet-Kaffeem\u00fchlen von MPE. Entdecken Sie die Pr\u00e4zisionsmahltechnologie f\u00fcr au\u00dfergew\u00f6hnlichen Kaffeegeschmack.\" \/>\n<meta name=\"robots\" content=\"index, follow, max-snippet:-1, max-image-preview:large, max-video-preview:-1\" \/>\n<link rel=\"canonical\" href=\"https:\/\/www.mpechicago.com\/de\/ausrustung-zum-mahlen-von-kaffee\/kaffeemuhlen\/\" \/>\n<meta property=\"og:locale\" content=\"de_DE\" \/>\n<meta property=\"og:type\" content=\"article\" \/>\n<meta property=\"og:title\" content=\"Kaffeem\u00fchlen f\u00fcr gro\u00dfe Mengen - Moderne Prozessanlagen\" \/>\n<meta property=\"og:description\" content=\"Erfahren Sie mehr \u00fcber die hochwertigen Industrie- und Gourmet-Kaffeem\u00fchlen von MPE. Entdecken Sie die Pr\u00e4zisionsmahltechnologie f\u00fcr au\u00dfergew\u00f6hnlichen Kaffeegeschmack.\" \/>\n<meta property=\"og:url\" content=\"https:\/\/www.mpechicago.com\/de\/ausrustung-zum-mahlen-von-kaffee\/kaffeemuhlen\/\" \/>\n<meta property=\"og:site_name\" content=\"Moderne Prozessanlagen\" \/>\n<meta property=\"article:modified_time\" content=\"2025-04-29T19:55:29+00:00\" \/>\n<meta name=\"twitter:card\" content=\"summary_large_image\" \/>\n<script type=\"application\/ld+json\" class=\"yoast-schema-graph\">{\"@context\":\"https:\\\/\\\/schema.org\",\"@graph\":[{\"@type\":\"WebPage\",\"@id\":\"https:\\\/\\\/www.mpechicago.com\\\/de\\\/ausrustung-zum-mahlen-von-kaffee\\\/kaffeemuhlen\\\/\",\"url\":\"https:\\\/\\\/www.mpechicago.com\\\/de\\\/ausrustung-zum-mahlen-von-kaffee\\\/kaffeemuhlen\\\/\",\"name\":\"Kaffeem\u00fchlen f\u00fcr gro\u00dfe Mengen - Moderne Prozessanlagen\",\"isPartOf\":{\"@id\":\"https:\\\/\\\/www.mpechicago.com\\\/de\\\/#website\"},\"datePublished\":\"2019-12-11T16:33:55+00:00\",\"dateModified\":\"2025-04-29T19:55:29+00:00\",\"description\":\"Erfahren Sie mehr \u00fcber die hochwertigen Industrie- und Gourmet-Kaffeem\u00fchlen von MPE. Entdecken Sie die Pr\u00e4zisionsmahltechnologie f\u00fcr au\u00dfergew\u00f6hnlichen Kaffeegeschmack.\",\"breadcrumb\":{\"@id\":\"https:\\\/\\\/www.mpechicago.com\\\/de\\\/ausrustung-zum-mahlen-von-kaffee\\\/kaffeemuhlen\\\/#breadcrumb\"},\"inLanguage\":\"de\",\"potentialAction\":[{\"@type\":\"ReadAction\",\"target\":[\"https:\\\/\\\/www.mpechicago.com\\\/de\\\/ausrustung-zum-mahlen-von-kaffee\\\/kaffeemuhlen\\\/\"]}]},{\"@type\":\"BreadcrumbList\",\"@id\":\"https:\\\/\\\/www.mpechicago.com\\\/de\\\/ausrustung-zum-mahlen-von-kaffee\\\/kaffeemuhlen\\\/#breadcrumb\",\"itemListElement\":[{\"@type\":\"ListItem\",\"position\":1,\"name\":\"Heim\",\"item\":\"https:\\\/\\\/www.mpechicago.com\\\/de\\\/\"},{\"@type\":\"ListItem\",\"position\":2,\"name\":\"Mahlanlagen f\u00fcr Kaffee\",\"item\":\"https:\\\/\\\/www.mpechicago.com\\\/de\\\/ausrustung-zum-mahlen-von-kaffee\\\/\"},{\"@type\":\"ListItem\",\"position\":3,\"name\":\"Kaffeem\u00fchlen\"}]},{\"@type\":\"WebSite\",\"@id\":\"https:\\\/\\\/www.mpechicago.com\\\/de\\\/#website\",\"url\":\"https:\\\/\\\/www.mpechicago.com\\\/de\\\/\",\"name\":\"Moderne Prozessanlagen\",\"description\":\"\",\"publisher\":{\"@id\":\"https:\\\/\\\/www.mpechicago.com\\\/de\\\/#organization\"},\"potentialAction\":[{\"@type\":\"SearchAction\",\"target\":{\"@type\":\"EntryPoint\",\"urlTemplate\":\"https:\\\/\\\/www.mpechicago.com\\\/de\\\/?s={search_term_string}\"},\"query-input\":{\"@type\":\"PropertyValueSpecification\",\"valueRequired\":true,\"valueName\":\"search_term_string\"}}],\"inLanguage\":\"de\"},{\"@type\":\"Organization\",\"@id\":\"https:\\\/\\\/www.mpechicago.com\\\/de\\\/#organization\",\"name\":\"Moderne Prozessanlagen\",\"url\":\"https:\\\/\\\/www.mpechicago.com\\\/de\\\/\",\"logo\":{\"@type\":\"ImageObject\",\"inLanguage\":\"de\",\"@id\":\"https:\\\/\\\/www.mpechicago.com\\\/de\\\/#\\\/schema\\\/logo\\\/image\\\/\",\"url\":\"https:\\\/\\\/www.mpechicago.com\\\/wp-content\\\/uploads\\\/2019\\\/12\\\/logo.png\",\"contentUrl\":\"https:\\\/\\\/www.mpechicago.com\\\/wp-content\\\/uploads\\\/2019\\\/12\\\/logo.png\",\"width\":200,\"height\":91,\"caption\":\"Moderne Prozessanlagen\"},\"image\":{\"@id\":\"https:\\\/\\\/www.mpechicago.com\\\/de\\\/#\\\/schema\\\/logo\\\/image\\\/\"}}]}<\/script>\n<!-- \/ Yoast SEO plugin. -->","yoast_head_json":{"title":"Kaffeem\u00fchlen f\u00fcr gro\u00dfe Mengen - Moderne Prozessanlagen","description":"Erfahren Sie mehr \u00fcber die hochwertigen Industrie- und Gourmet-Kaffeem\u00fchlen von MPE. Entdecken Sie die Pr\u00e4zisionsmahltechnologie f\u00fcr au\u00dfergew\u00f6hnlichen Kaffeegeschmack.","robots":{"index":"index","follow":"follow","max-snippet":"max-snippet:-1","max-image-preview":"max-image-preview:large","max-video-preview":"max-video-preview:-1"},"canonical":"https:\/\/www.mpechicago.com\/de\/ausrustung-zum-mahlen-von-kaffee\/kaffeemuhlen\/","og_locale":"de_DE","og_type":"article","og_title":"Kaffeem\u00fchlen f\u00fcr gro\u00dfe Mengen - Moderne Prozessanlagen","og_description":"Erfahren Sie mehr \u00fcber die hochwertigen Industrie- und Gourmet-Kaffeem\u00fchlen von MPE. Entdecken Sie die Pr\u00e4zisionsmahltechnologie f\u00fcr au\u00dfergew\u00f6hnlichen Kaffeegeschmack.","og_url":"https:\/\/www.mpechicago.com\/de\/ausrustung-zum-mahlen-von-kaffee\/kaffeemuhlen\/","og_site_name":"Moderne Prozessanlagen","article_modified_time":"2025-04-29T19:55:29+00:00","twitter_card":"summary_large_image","schema":{"@context":"https:\/\/schema.org","@graph":[{"@type":"WebPage","@id":"https:\/\/www.mpechicago.com\/de\/ausrustung-zum-mahlen-von-kaffee\/kaffeemuhlen\/","url":"https:\/\/www.mpechicago.com\/de\/ausrustung-zum-mahlen-von-kaffee\/kaffeemuhlen\/","name":"Kaffeem\u00fchlen f\u00fcr gro\u00dfe Mengen - Moderne Prozessanlagen","isPartOf":{"@id":"https:\/\/www.mpechicago.com\/de\/#website"},"datePublished":"2019-12-11T16:33:55+00:00","dateModified":"2025-04-29T19:55:29+00:00","description":"Erfahren Sie mehr \u00fcber die hochwertigen Industrie- und Gourmet-Kaffeem\u00fchlen von MPE. Entdecken Sie die Pr\u00e4zisionsmahltechnologie f\u00fcr au\u00dfergew\u00f6hnlichen Kaffeegeschmack.","breadcrumb":{"@id":"https:\/\/www.mpechicago.com\/de\/ausrustung-zum-mahlen-von-kaffee\/kaffeemuhlen\/#breadcrumb"},"inLanguage":"de","potentialAction":[{"@type":"ReadAction","target":["https:\/\/www.mpechicago.com\/de\/ausrustung-zum-mahlen-von-kaffee\/kaffeemuhlen\/"]}]},{"@type":"BreadcrumbList","@id":"https:\/\/www.mpechicago.com\/de\/ausrustung-zum-mahlen-von-kaffee\/kaffeemuhlen\/#breadcrumb","itemListElement":[{"@type":"ListItem","position":1,"name":"Heim","item":"https:\/\/www.mpechicago.com\/de\/"},{"@type":"ListItem","position":2,"name":"Mahlanlagen f\u00fcr Kaffee","item":"https:\/\/www.mpechicago.com\/de\/ausrustung-zum-mahlen-von-kaffee\/"},{"@type":"ListItem","position":3,"name":"Kaffeem\u00fchlen"}]},{"@type":"WebSite","@id":"https:\/\/www.mpechicago.com\/de\/#website","url":"https:\/\/www.mpechicago.com\/de\/","name":"Moderne Prozessanlagen","description":"","publisher":{"@id":"https:\/\/www.mpechicago.com\/de\/#organization"},"potentialAction":[{"@type":"SearchAction","target":{"@type":"EntryPoint","urlTemplate":"https:\/\/www.mpechicago.com\/de\/?s={search_term_string}"},"query-input":{"@type":"PropertyValueSpecification","valueRequired":true,"valueName":"search_term_string"}}],"inLanguage":"de"},{"@type":"Organization","@id":"https:\/\/www.mpechicago.com\/de\/#organization","name":"Moderne Prozessanlagen","url":"https:\/\/www.mpechicago.com\/de\/","logo":{"@type":"ImageObject","inLanguage":"de","@id":"https:\/\/www.mpechicago.com\/de\/#\/schema\/logo\/image\/","url":"https:\/\/www.mpechicago.com\/wp-content\/uploads\/2019\/12\/logo.png","contentUrl":"https:\/\/www.mpechicago.com\/wp-content\/uploads\/2019\/12\/logo.png","width":200,"height":91,"caption":"Moderne Prozessanlagen"},"image":{"@id":"https:\/\/www.mpechicago.com\/de\/#\/schema\/logo\/image\/"}}]}},"_links":{"self":[{"href":"https:\/\/www.mpechicago.com\/de\/wp-json\/wp\/v2\/pages\/26328","targetHints":{"allow":["GET"]}}],"collection":[{"href":"https:\/\/www.mpechicago.com\/de\/wp-json\/wp\/v2\/pages"}],"about":[{"href":"https:\/\/www.mpechicago.com\/de\/wp-json\/wp\/v2\/types\/page"}],"author":[{"embeddable":true,"href":"https:\/\/www.mpechicago.com\/de\/wp-json\/wp\/v2\/users\/20"}],"replies":[{"embeddable":true,"href":"https:\/\/www.mpechicago.com\/de\/wp-json\/wp\/v2\/comments?post=26328"}],"version-history":[{"count":1,"href":"https:\/\/www.mpechicago.com\/de\/wp-json\/wp\/v2\/pages\/26328\/revisions"}],"predecessor-version":[{"id":26329,"href":"https:\/\/www.mpechicago.com\/de\/wp-json\/wp\/v2\/pages\/26328\/revisions\/26329"}],"up":[{"embeddable":true,"href":"https:\/\/www.mpechicago.com\/de\/wp-json\/wp\/v2\/pages\/26326"}],"wp:attachment":[{"href":"https:\/\/www.mpechicago.com\/de\/wp-json\/wp\/v2\/media?parent=26328"}],"curies":[{"name":"wp","href":"https:\/\/api.w.org\/{rel}","templated":true}]}}