{"id":26275,"date":"2021-03-19T13:31:52","date_gmt":"2021-03-19T18:31:52","guid":{"rendered":"https:\/\/www.mpechicago.com\/anfrage-fur-angebot\/"},"modified":"2025-06-27T11:06:51","modified_gmt":"2025-06-27T16:06:51","slug":"anfrage-fur-angebot","status":"publish","type":"page","link":"https:\/\/www.mpechicago.com\/de\/anfrage-fur-angebot\/","title":{"rendered":"Anfrage f\u00fcr Angebot"},"content":{"rendered":"\n<h2 class=\"page-title wp-block-heading\">Um Ihnen besser helfen zu k\u00f6nnen, geben Sie uns bitte die folgenden Informationen.<\/h2>\n\n<p class=\"intro\">  Sie k\u00f6nnen uns auch anrufen <a href=\"tel:+1-773-254-3929\"> unter +1-773-254-3929<\/a> oder eine E-Mail an <a href=\"mailto:solution@mpechicago.com\">solution@mpechicago.com schicken.<\/a><\/p>\n\n<div style=\"height:27px\" aria-hidden=\"true\" class=\"wp-block-spacer\"><\/div>\n\n<script charset=\"utf-8\" type=\"text\/javascript\" src=\"\/\/js.hsforms.net\/forms\/embed\/v2.js\"><\/script>\n<script>\n  hbspt.forms.create({\n    portalId: \"21660890\",\n    formId: \"ab312df2-c60b-489a-95e9-a49c24e80b52\",\n    region: \"na1\"\n  });\n<\/script>\n","protected":false},"excerpt":{"rendered":"<p>Um Ihnen besser helfen zu k\u00f6nnen, geben Sie uns bitte die folgenden Informationen. Sie k\u00f6nnen uns auch anrufen unter +1-773-254-3929 oder eine E-Mail an solution@mpechicago.com schicken.<\/p>\n","protected":false},"author":3,"featured_media":0,"parent":0,"menu_order":0,"comment_status":"closed","ping_status":"closed","template":"","meta":{"_acf_changed":false,"content-type":"","rs_blank_template":"","rs_page_bg_color":"","slide_template_v7":"","footnotes":""},"class_list":["post-26275","page","type-page","status-publish","hentry"],"acf":[],"yoast_head":"<!-- This site is optimized with the Yoast SEO plugin v27.4 - https:\/\/yoast.com\/product\/yoast-seo-wordpress\/ -->\n<title>Angebot anfordern - MPE Chicago: Erhalten Sie ma\u00dfgeschneiderte Ausr\u00fcstungsl\u00f6sungen<\/title>\n<meta name=\"description\" content=\"Ein Angebot anfordern - MPE Chicago: Holen Sie sich ein individuelles Angebot f\u00fcr Ihren Ausr\u00fcstungsbedarf.\" \/>\n<meta name=\"robots\" content=\"index, follow, max-snippet:-1, max-image-preview:large, max-video-preview:-1\" \/>\n<link rel=\"canonical\" href=\"https:\/\/www.mpechicago.com\/de\/anfrage-fur-angebot\/\" \/>\n<meta property=\"og:locale\" content=\"de_DE\" \/>\n<meta property=\"og:type\" content=\"article\" \/>\n<meta property=\"og:title\" content=\"Angebot anfordern - MPE Chicago: Erhalten Sie ma\u00dfgeschneiderte Ausr\u00fcstungsl\u00f6sungen\" \/>\n<meta property=\"og:description\" content=\"Ein Angebot anfordern - MPE Chicago: Holen Sie sich ein individuelles Angebot f\u00fcr Ihren Ausr\u00fcstungsbedarf.\" \/>\n<meta property=\"og:url\" content=\"https:\/\/www.mpechicago.com\/de\/anfrage-fur-angebot\/\" \/>\n<meta property=\"og:site_name\" content=\"Moderne Prozessanlagen\" \/>\n<meta property=\"article:modified_time\" content=\"2025-06-27T16:06:51+00:00\" \/>\n<meta name=\"twitter:card\" content=\"summary_large_image\" \/>\n<meta name=\"twitter:label1\" content=\"Gesch\u00e4tzte Lesezeit\" \/>\n\t<meta name=\"twitter:data1\" content=\"1\u00a0Minute\" \/>\n<script type=\"application\/ld+json\" class=\"yoast-schema-graph\">{\"@context\":\"https:\\\/\\\/schema.org\",\"@graph\":[{\"@type\":\"WebPage\",\"@id\":\"https:\\\/\\\/www.mpechicago.com\\\/de\\\/anfrage-fur-angebot\\\/\",\"url\":\"https:\\\/\\\/www.mpechicago.com\\\/de\\\/anfrage-fur-angebot\\\/\",\"name\":\"Angebot anfordern - MPE Chicago: Erhalten Sie ma\u00dfgeschneiderte Ausr\u00fcstungsl\u00f6sungen\",\"isPartOf\":{\"@id\":\"https:\\\/\\\/www.mpechicago.com\\\/de\\\/#website\"},\"datePublished\":\"2021-03-19T18:31:52+00:00\",\"dateModified\":\"2025-06-27T16:06:51+00:00\",\"description\":\"Ein Angebot anfordern - MPE Chicago: Holen Sie sich ein individuelles Angebot f\u00fcr Ihren Ausr\u00fcstungsbedarf.\",\"breadcrumb\":{\"@id\":\"https:\\\/\\\/www.mpechicago.com\\\/de\\\/anfrage-fur-angebot\\\/#breadcrumb\"},\"inLanguage\":\"de\",\"potentialAction\":[{\"@type\":\"ReadAction\",\"target\":[\"https:\\\/\\\/www.mpechicago.com\\\/de\\\/anfrage-fur-angebot\\\/\"]}]},{\"@type\":\"BreadcrumbList\",\"@id\":\"https:\\\/\\\/www.mpechicago.com\\\/de\\\/anfrage-fur-angebot\\\/#breadcrumb\",\"itemListElement\":[{\"@type\":\"ListItem\",\"position\":1,\"name\":\"Heim\",\"item\":\"https:\\\/\\\/www.mpechicago.com\\\/de\\\/\"},{\"@type\":\"ListItem\",\"position\":2,\"name\":\"Anfrage f\u00fcr Angebot\"}]},{\"@type\":\"WebSite\",\"@id\":\"https:\\\/\\\/www.mpechicago.com\\\/de\\\/#website\",\"url\":\"https:\\\/\\\/www.mpechicago.com\\\/de\\\/\",\"name\":\"Moderne Prozessanlagen\",\"description\":\"\",\"publisher\":{\"@id\":\"https:\\\/\\\/www.mpechicago.com\\\/de\\\/#organization\"},\"potentialAction\":[{\"@type\":\"SearchAction\",\"target\":{\"@type\":\"EntryPoint\",\"urlTemplate\":\"https:\\\/\\\/www.mpechicago.com\\\/de\\\/?s={search_term_string}\"},\"query-input\":{\"@type\":\"PropertyValueSpecification\",\"valueRequired\":true,\"valueName\":\"search_term_string\"}}],\"inLanguage\":\"de\"},{\"@type\":\"Organization\",\"@id\":\"https:\\\/\\\/www.mpechicago.com\\\/de\\\/#organization\",\"name\":\"Moderne Prozessanlagen\",\"url\":\"https:\\\/\\\/www.mpechicago.com\\\/de\\\/\",\"logo\":{\"@type\":\"ImageObject\",\"inLanguage\":\"de\",\"@id\":\"https:\\\/\\\/www.mpechicago.com\\\/de\\\/#\\\/schema\\\/logo\\\/image\\\/\",\"url\":\"https:\\\/\\\/www.mpechicago.com\\\/wp-content\\\/uploads\\\/2019\\\/12\\\/logo.png\",\"contentUrl\":\"https:\\\/\\\/www.mpechicago.com\\\/wp-content\\\/uploads\\\/2019\\\/12\\\/logo.png\",\"width\":200,\"height\":91,\"caption\":\"Moderne Prozessanlagen\"},\"image\":{\"@id\":\"https:\\\/\\\/www.mpechicago.com\\\/de\\\/#\\\/schema\\\/logo\\\/image\\\/\"}}]}<\/script>\n<!-- \/ Yoast SEO plugin. -->","yoast_head_json":{"title":"Angebot anfordern - MPE Chicago: Erhalten Sie ma\u00dfgeschneiderte Ausr\u00fcstungsl\u00f6sungen","description":"Ein Angebot anfordern - MPE Chicago: Holen Sie sich ein individuelles Angebot f\u00fcr Ihren Ausr\u00fcstungsbedarf.","robots":{"index":"index","follow":"follow","max-snippet":"max-snippet:-1","max-image-preview":"max-image-preview:large","max-video-preview":"max-video-preview:-1"},"canonical":"https:\/\/www.mpechicago.com\/de\/anfrage-fur-angebot\/","og_locale":"de_DE","og_type":"article","og_title":"Angebot anfordern - MPE Chicago: Erhalten Sie ma\u00dfgeschneiderte Ausr\u00fcstungsl\u00f6sungen","og_description":"Ein Angebot anfordern - MPE Chicago: Holen Sie sich ein individuelles Angebot f\u00fcr Ihren Ausr\u00fcstungsbedarf.","og_url":"https:\/\/www.mpechicago.com\/de\/anfrage-fur-angebot\/","og_site_name":"Moderne Prozessanlagen","article_modified_time":"2025-06-27T16:06:51+00:00","twitter_card":"summary_large_image","twitter_misc":{"Gesch\u00e4tzte Lesezeit":"1\u00a0Minute"},"schema":{"@context":"https:\/\/schema.org","@graph":[{"@type":"WebPage","@id":"https:\/\/www.mpechicago.com\/de\/anfrage-fur-angebot\/","url":"https:\/\/www.mpechicago.com\/de\/anfrage-fur-angebot\/","name":"Angebot anfordern - MPE Chicago: Erhalten Sie ma\u00dfgeschneiderte Ausr\u00fcstungsl\u00f6sungen","isPartOf":{"@id":"https:\/\/www.mpechicago.com\/de\/#website"},"datePublished":"2021-03-19T18:31:52+00:00","dateModified":"2025-06-27T16:06:51+00:00","description":"Ein Angebot anfordern - MPE Chicago: Holen Sie sich ein individuelles Angebot f\u00fcr Ihren Ausr\u00fcstungsbedarf.","breadcrumb":{"@id":"https:\/\/www.mpechicago.com\/de\/anfrage-fur-angebot\/#breadcrumb"},"inLanguage":"de","potentialAction":[{"@type":"ReadAction","target":["https:\/\/www.mpechicago.com\/de\/anfrage-fur-angebot\/"]}]},{"@type":"BreadcrumbList","@id":"https:\/\/www.mpechicago.com\/de\/anfrage-fur-angebot\/#breadcrumb","itemListElement":[{"@type":"ListItem","position":1,"name":"Heim","item":"https:\/\/www.mpechicago.com\/de\/"},{"@type":"ListItem","position":2,"name":"Anfrage f\u00fcr Angebot"}]},{"@type":"WebSite","@id":"https:\/\/www.mpechicago.com\/de\/#website","url":"https:\/\/www.mpechicago.com\/de\/","name":"Moderne Prozessanlagen","description":"","publisher":{"@id":"https:\/\/www.mpechicago.com\/de\/#organization"},"potentialAction":[{"@type":"SearchAction","target":{"@type":"EntryPoint","urlTemplate":"https:\/\/www.mpechicago.com\/de\/?s={search_term_string}"},"query-input":{"@type":"PropertyValueSpecification","valueRequired":true,"valueName":"search_term_string"}}],"inLanguage":"de"},{"@type":"Organization","@id":"https:\/\/www.mpechicago.com\/de\/#organization","name":"Moderne Prozessanlagen","url":"https:\/\/www.mpechicago.com\/de\/","logo":{"@type":"ImageObject","inLanguage":"de","@id":"https:\/\/www.mpechicago.com\/de\/#\/schema\/logo\/image\/","url":"https:\/\/www.mpechicago.com\/wp-content\/uploads\/2019\/12\/logo.png","contentUrl":"https:\/\/www.mpechicago.com\/wp-content\/uploads\/2019\/12\/logo.png","width":200,"height":91,"caption":"Moderne Prozessanlagen"},"image":{"@id":"https:\/\/www.mpechicago.com\/de\/#\/schema\/logo\/image\/"}}]}},"_links":{"self":[{"href":"https:\/\/www.mpechicago.com\/de\/wp-json\/wp\/v2\/pages\/26275","targetHints":{"allow":["GET"]}}],"collection":[{"href":"https:\/\/www.mpechicago.com\/de\/wp-json\/wp\/v2\/pages"}],"about":[{"href":"https:\/\/www.mpechicago.com\/de\/wp-json\/wp\/v2\/types\/page"}],"author":[{"embeddable":true,"href":"https:\/\/www.mpechicago.com\/de\/wp-json\/wp\/v2\/users\/3"}],"replies":[{"embeddable":true,"href":"https:\/\/www.mpechicago.com\/de\/wp-json\/wp\/v2\/comments?post=26275"}],"version-history":[{"count":2,"href":"https:\/\/www.mpechicago.com\/de\/wp-json\/wp\/v2\/pages\/26275\/revisions"}],"predecessor-version":[{"id":38328,"href":"https:\/\/www.mpechicago.com\/de\/wp-json\/wp\/v2\/pages\/26275\/revisions\/38328"}],"wp:attachment":[{"href":"https:\/\/www.mpechicago.com\/de\/wp-json\/wp\/v2\/media?parent=26275"}],"curies":[{"name":"wp","href":"https:\/\/api.w.org\/{rel}","templated":true}]}}